{"id":969,"date":"2022-12-17T14:26:38","date_gmt":"2022-12-17T14:26:38","guid":{"rendered":"http:\/\/34.88.79.200\/?post_type=product&#038;p=969"},"modified":"2024-09-18T07:00:26","modified_gmt":"2024-09-18T07:00:26","slug":"uniikki-huopamosaiikki-kevat","status":"publish","type":"product","link":"https:\/\/sarikettunenart.com\/?product=uniikki-huopamosaiikki-kevat","title":{"rendered":"Uniikki huopamosaiikki: Kev\u00e4t"},"content":{"rendered":"","protected":false},"excerpt":{"rendered":"<p><strong>Teoksen nimi:<\/strong> Kev\u00e4t<\/p>\n<p><strong>Valmistumisvuosi:<\/strong> 2009<\/p>\n<p><strong>Koko:<\/strong> 258 cm x 50 cm<\/p>\n<p><strong>Materiaali:<\/strong> Villahuopa, ompelulanka<\/p>\n<p><strong>Tekniikka:<\/strong> Ompelu<\/p>\n<p><strong>Ripustus:<\/strong> Teoksessa on metallinen puikko teoksen yl\u00e4reunassa ja helmassa. Yl\u00e4reunassa on silmukat ripustamista varten molemmissa p\u00e4iss\u00e4.<\/p>\n<p>Kev\u00e4t kuvaa jo v\u00e4h\u00e4n r\u00e4nsistyneen koivuvanhuksen kev\u00e4ista her\u00e4\u00e4mist\u00e4. Hele\u00e4t ja pehmoiset hiirenkorvat puhkeavat aurinkoisena kev\u00e4tp\u00e4iv\u00e4n\u00e4 vanhoihin<br \/>\nryhmyisiin ja koukkuisiin oksiin.<\/p>\n<p>Teos on syntynyt ompelemalla yhteen v\u00e4rj\u00e4ttyj\u00e4 huopapy\u00f6ryl\u00f6it\u00e4.<\/p>\n","protected":false},"featured_media":970,"comment_status":"open","ping_status":"closed","template":"","meta":{"_kadence_starter_templates_imported_post":false,"_kad_post_transparent":"default","_kad_post_title":"","_kad_post_layout":"default","_kad_post_sidebar_id":"","_kad_post_content_style":"default","_kad_post_vertical_padding":"default","_kad_post_feature":"","_kad_post_feature_position":"","_kad_post_header":false,"_kad_post_footer":false,"_kad_post_classname":""},"product_brand":[],"product_cat":[489],"product_tag":[],"class_list":{"0":"post-969","1":"product","2":"type-product","3":"status-publish","4":"has-post-thumbnail","6":"product_cat-uniikit-fi","8":"first","9":"instock","10":"sold-individually","11":"taxable","12":"shipping-taxable","13":"purchasable","14":"product-type-simple","15":"entry","16":"content-bg","17":"loop-entry"},"_links":{"self":[{"href":"https:\/\/sarikettunenart.com\/index.php?rest_route=\/wp\/v2\/product\/969","targetHints":{"allow":["GET"]}}],"collection":[{"href":"https:\/\/sarikettunenart.com\/index.php?rest_route=\/wp\/v2\/product"}],"about":[{"href":"https:\/\/sarikettunenart.com\/index.php?rest_route=\/wp\/v2\/types\/product"}],"replies":[{"embeddable":true,"href":"https:\/\/sarikettunenart.com\/index.php?rest_route=%2Fwp%2Fv2%2Fcomments&post=969"}],"wp:featuredmedia":[{"embeddable":true,"href":"https:\/\/sarikettunenart.com\/index.php?rest_route=\/wp\/v2\/media\/970"}],"wp:attachment":[{"href":"https:\/\/sarikettunenart.com\/index.php?rest_route=%2Fwp%2Fv2%2Fmedia&parent=969"}],"wp:term":[{"taxonomy":"product_brand","embeddable":true,"href":"https:\/\/sarikettunenart.com\/index.php?rest_route=%2Fwp%2Fv2%2Fproduct_brand&post=969"},{"taxonomy":"product_cat","embeddable":true,"href":"https:\/\/sarikettunenart.com\/index.php?rest_route=%2Fwp%2Fv2%2Fproduct_cat&post=969"},{"taxonomy":"product_tag","embeddable":true,"href":"https:\/\/sarikettunenart.com\/index.php?rest_route=%2Fwp%2Fv2%2Fproduct_tag&post=969"}],"curies":[{"name":"wp","href":"https:\/\/api.w.org\/{rel}","templated":true}]}}