{"id":946,"date":"2022-01-20T18:13:41","date_gmt":"2022-01-20T18:13:41","guid":{"rendered":"http:\/\/34.88.79.200\/?post_type=product&#038;p=946"},"modified":"2024-09-18T07:01:58","modified_gmt":"2024-09-18T07:01:58","slug":"uniikki-kuvakudos-olipa-kerran-lapissa","status":"publish","type":"product","link":"https:\/\/sarikettunenart.com\/?product=uniikki-kuvakudos-olipa-kerran-lapissa","title":{"rendered":"Uniikki kuvakudos: Olipa kerran Lapissa"},"content":{"rendered":"","protected":false},"excerpt":{"rendered":"<p><strong>Teoksen nimi:<\/strong> Olipa kerran Lapissa<\/p>\n<p><strong>Valmistumisvuosi:<\/strong> 2015<\/p>\n<p><strong>Koko:<\/strong> 49 cm x 26 cm<\/p>\n<p><strong>Materiaali:<\/strong> Sekalaiset langat<\/p>\n<p><strong>Tekniikka:\u00a0<\/strong>Kuvakudos<\/p>\n<p><strong>Ripustus:<\/strong> Teos on pingotettu kiilapuiseen kehykseen ja ripustetaan tavallisen taulun tapaan.<\/p>\n<p>Vietin kerran joulun Lapissa. Revontulet loimusivat ja pakkasta oli \u00f6isin l\u00e4hes kolmekymment\u00e4 astetta. M\u00f6kkimme harmaat tukevat hirret erottivat meid\u00e4t hyyt\u00e4v\u00e4st\u00e4 kylmyydest\u00e4. Vuolukivist\u00e4 muuratussa takassa r\u00e4iskyi ihana l\u00e4mmitt\u00e4v\u00e4 valoisa tuli.<\/p>\n","protected":false},"featured_media":948,"comment_status":"open","ping_status":"closed","template":"","meta":{"_kadence_starter_templates_imported_post":false,"_kad_post_transparent":"default","_kad_post_title":"","_kad_post_layout":"default","_kad_post_sidebar_id":"","_kad_post_content_style":"default","_kad_post_vertical_padding":"default","_kad_post_feature":"","_kad_post_feature_position":"","_kad_post_header":false,"_kad_post_footer":false,"_kad_post_classname":""},"product_brand":[],"product_cat":[489],"product_tag":[],"class_list":{"0":"post-946","1":"product","2":"type-product","3":"status-publish","4":"has-post-thumbnail","6":"product_cat-uniikit-fi","8":"first","9":"instock","10":"sold-individually","11":"taxable","12":"shipping-taxable","13":"purchasable","14":"product-type-simple","15":"entry","16":"content-bg","17":"loop-entry"},"_links":{"self":[{"href":"https:\/\/sarikettunenart.com\/index.php?rest_route=\/wp\/v2\/product\/946","targetHints":{"allow":["GET"]}}],"collection":[{"href":"https:\/\/sarikettunenart.com\/index.php?rest_route=\/wp\/v2\/product"}],"about":[{"href":"https:\/\/sarikettunenart.com\/index.php?rest_route=\/wp\/v2\/types\/product"}],"replies":[{"embeddable":true,"href":"https:\/\/sarikettunenart.com\/index.php?rest_route=%2Fwp%2Fv2%2Fcomments&post=946"}],"wp:featuredmedia":[{"embeddable":true,"href":"https:\/\/sarikettunenart.com\/index.php?rest_route=\/wp\/v2\/media\/948"}],"wp:attachment":[{"href":"https:\/\/sarikettunenart.com\/index.php?rest_route=%2Fwp%2Fv2%2Fmedia&parent=946"}],"wp:term":[{"taxonomy":"product_brand","embeddable":true,"href":"https:\/\/sarikettunenart.com\/index.php?rest_route=%2Fwp%2Fv2%2Fproduct_brand&post=946"},{"taxonomy":"product_cat","embeddable":true,"href":"https:\/\/sarikettunenart.com\/index.php?rest_route=%2Fwp%2Fv2%2Fproduct_cat&post=946"},{"taxonomy":"product_tag","embeddable":true,"href":"https:\/\/sarikettunenart.com\/index.php?rest_route=%2Fwp%2Fv2%2Fproduct_tag&post=946"}],"curies":[{"name":"wp","href":"https:\/\/api.w.org\/{rel}","templated":true}]}}