{"id":927,"date":"2022-01-06T08:06:44","date_gmt":"2022-01-06T08:06:44","guid":{"rendered":"http:\/\/34.88.79.200\/?post_type=product&#038;p=927"},"modified":"2024-01-22T09:03:20","modified_gmt":"2024-01-22T09:03:20","slug":"pigmenttivedos-talven-tytto-ajaa-lapin-halki","status":"publish","type":"product","link":"https:\/\/sarikettunenart.com\/?product=pigmenttivedos-talven-tytto-ajaa-lapin-halki","title":{"rendered":"Pigmenttivedos: Talven tytt\u00f6 ajaa Lapin halki"},"content":{"rendered":"","protected":false},"excerpt":{"rendered":"<p><strong>Teoksen nimi:<\/strong>\u00a0Talven tytt\u00f6 ajaa Lapin halki<\/p>\n<p><strong>Sarjan koko:<\/strong> 20 kpl<\/p>\n<p><strong>Koko:<\/strong> Paperin koko A3, kuvan koko 23,3 cm x 39,5 cm<\/p>\n<p><strong>Materiaali:<\/strong> Hahnem\u00fcle happovapaa paperi<\/p>\n<p><strong>Tekniikka:<\/strong> Museolaatuinen mustesuihkutulostus pigmenttiv\u00e4rein<\/p>\n<p><strong>Ripustus:<\/strong> V\u00e4rien s\u00e4ilymisen varmistamiseksi ja teoksen suojelemiseksi p\u00f6lylt\u00e4 ja kosteudelta, se tulee kehyst\u00e4\u00e4 happovapailla materiaaleilla lasin alle. Kehystys ei sis\u00e4lly hintaan.<\/p>\n<p>&nbsp;<\/p>\n<p class=\"has-small-font-size\"><strong>Talven tytt\u00f6 ajaa Lapin halki koiravaljakollaan tuoden valaisevan lumipeitteen tullessaan.\u00a0<\/strong>Tummaa y\u00f6taivasta vasten kimmelt\u00e4\u00e4 t\u00e4htien ja lumihiutaleiden kaunis kudelma.<\/p>\n<p class=\"has-small-font-size\">Teos sai inspiraationsa lauluyhtye Rajattoman joulukonsertissa. Alkuper\u00e4isteos on kudottu kangaspuilla yhdistellen poimintaa ja osittain sidottua kuvikasta.<\/p>\n<p class=\"has-small-font-size\">Teoksen taivaalla n\u00e4ht\u00e4v\u00e4 karhunk\u00e4p\u00e4l\u00e4kuvio on kiehtonut minua pitk\u00e4\u00e4n. Sit\u00e4 ja sen muunnoksia voi l\u00f6yt\u00e4\u00e4 vanhoista museotekstiileist\u00e4 ymp\u00e4ri Eurooppaa. Se on kuin vanha kansansatu, joka on kiert\u00e4nyt kyl\u00e4st\u00e4 kyll\u00e4\u00e4n kirjoittamattomana perinteen\u00e4.<\/p>\n<p>T\u00e4m\u00e4 pigmenttivedos alkuper\u00e4isest\u00e4 taideteoksesta on tulostettu happovapaalle paperille museolaatuisilla v\u00e4reill\u00e4. Vedos on numeroitu ja signeerattu. Sarjan koko on 20 kpl. V\u00e4rien s\u00e4ilymisen varmistamiseksi ja teoksen suojelemiseksi p\u00f6lylt\u00e4 ja kosteudelta, se tulee kehyst\u00e4\u00e4 happovapailla materiaaleilla lasin alle.<\/p>\n","protected":false},"featured_media":928,"comment_status":"open","ping_status":"closed","template":"","meta":{"_kadence_starter_templates_imported_post":false,"_kad_post_transparent":"default","_kad_post_title":"","_kad_post_layout":"default","_kad_post_sidebar_id":"","_kad_post_content_style":"default","_kad_post_vertical_padding":"default","_kad_post_feature":"","_kad_post_feature_position":"","_kad_post_header":false,"_kad_post_footer":false,"_kad_post_classname":""},"product_brand":[],"product_cat":[487,173],"product_tag":[],"class_list":{"0":"post-927","1":"product","2":"type-product","3":"status-publish","4":"has-post-thumbnail","6":"product_cat-pigmenttivedokset-fi-fi","7":"product_cat-taideteokset","9":"first","10":"instock","11":"taxable","12":"shipping-taxable","13":"purchasable","14":"product-type-simple","15":"entry","16":"content-bg","17":"loop-entry"},"_links":{"self":[{"href":"https:\/\/sarikettunenart.com\/index.php?rest_route=\/wp\/v2\/product\/927","targetHints":{"allow":["GET"]}}],"collection":[{"href":"https:\/\/sarikettunenart.com\/index.php?rest_route=\/wp\/v2\/product"}],"about":[{"href":"https:\/\/sarikettunenart.com\/index.php?rest_route=\/wp\/v2\/types\/product"}],"replies":[{"embeddable":true,"href":"https:\/\/sarikettunenart.com\/index.php?rest_route=%2Fwp%2Fv2%2Fcomments&post=927"}],"wp:featuredmedia":[{"embeddable":true,"href":"https:\/\/sarikettunenart.com\/index.php?rest_route=\/wp\/v2\/media\/928"}],"wp:attachment":[{"href":"https:\/\/sarikettunenart.com\/index.php?rest_route=%2Fwp%2Fv2%2Fmedia&parent=927"}],"wp:term":[{"taxonomy":"product_brand","embeddable":true,"href":"https:\/\/sarikettunenart.com\/index.php?rest_route=%2Fwp%2Fv2%2Fproduct_brand&post=927"},{"taxonomy":"product_cat","embeddable":true,"href":"https:\/\/sarikettunenart.com\/index.php?rest_route=%2Fwp%2Fv2%2Fproduct_cat&post=927"},{"taxonomy":"product_tag","embeddable":true,"href":"https:\/\/sarikettunenart.com\/index.php?rest_route=%2Fwp%2Fv2%2Fproduct_tag&post=927"}],"curies":[{"name":"wp","href":"https:\/\/api.w.org\/{rel}","templated":true}]}}