{"id":543,"date":"2022-12-20T13:00:05","date_gmt":"2022-12-20T13:00:05","guid":{"rendered":"https:\/\/sarikettunenart.org\/?post_type=product&#038;p=543"},"modified":"2023-10-20T06:25:46","modified_gmt":"2023-10-20T06:25:46","slug":"woven-artwork-the-winter-girl-drives-across-lapland","status":"publish","type":"product","link":"https:\/\/sarikettunenart.com\/?product=woven-artwork-the-winter-girl-drives-across-lapland&lang=en","title":{"rendered":"Unique Woven Artwork: Winter Girl Drives Across Lapland"},"content":{"rendered":"<p><strong>The winter girl drives across Lapland with her dog sled, bringing an illuminating snow cover when she arrives. <\/strong>A beautiful weave of stars and snowflakes shimmers against the dark night sky.<\/p>\n<p>The artwork was inspired by the Christmas concert of the a cappella ensemble Rajaton. It is woven with a loom combining picking and traditional weave patterns.<\/p>\n<p>In the sky of the artwork there is a traditional weave pattern called \u201dkarhunk\u00e4p\u00e4l\u00e4\u201d (meaning the bear\u2019s paw). This pattern has fascinated me for a long time. It and its variants can be found in old museum textiles all over Europe. It\u2019s like an old folk tale that has traveled from village to village as an unwritten tradition.<\/p>\n","protected":false},"excerpt":{"rendered":"<p><strong>Title of the artwork:<\/strong> The Winter Girl Drives Across Lapland<\/p>\n<p><strong>Year of completion:<\/strong> 2016<\/p>\n<p><strong>Size:<\/strong> 29.53 in 49.21 in x 1.18 in<\/p>\n<p><strong>Materials:<\/strong> Wool, linen, steel<\/p>\n<p><strong>Technique:<\/strong> weaving<\/p>\n<p><strong>Hanging:<\/strong> The artwork is stretched on a wooded frame. It is framed with white wooden frame shown in picture. Hang like a regular painting.<\/p>\n","protected":false},"featured_media":1592,"comment_status":"open","ping_status":"closed","template":"","meta":{"_kadence_starter_templates_imported_post":false,"_kad_post_transparent":"default","_kad_post_title":"","_kad_post_layout":"default","_kad_post_sidebar_id":"","_kad_post_content_style":"default","_kad_post_vertical_padding":"default","_kad_post_feature":"","_kad_post_feature_position":"","_kad_post_header":false,"_kad_post_footer":false,"_kad_post_classname":""},"product_brand":[],"product_cat":[491],"product_tag":[148],"class_list":{"0":"post-543","1":"product","2":"type-product","3":"status-publish","4":"has-post-thumbnail","6":"product_cat-uniques","7":"product_tag-talvi-en","9":"first","10":"instock","11":"sold-individually","12":"taxable","13":"shipping-taxable","14":"purchasable","15":"product-type-simple","16":"entry","17":"content-bg","18":"loop-entry"},"_links":{"self":[{"href":"https:\/\/sarikettunenart.com\/index.php?rest_route=\/wp\/v2\/product\/543","targetHints":{"allow":["GET"]}}],"collection":[{"href":"https:\/\/sarikettunenart.com\/index.php?rest_route=\/wp\/v2\/product"}],"about":[{"href":"https:\/\/sarikettunenart.com\/index.php?rest_route=\/wp\/v2\/types\/product"}],"replies":[{"embeddable":true,"href":"https:\/\/sarikettunenart.com\/index.php?rest_route=%2Fwp%2Fv2%2Fcomments&post=543"}],"wp:featuredmedia":[{"embeddable":true,"href":"https:\/\/sarikettunenart.com\/index.php?rest_route=\/wp\/v2\/media\/1592"}],"wp:attachment":[{"href":"https:\/\/sarikettunenart.com\/index.php?rest_route=%2Fwp%2Fv2%2Fmedia&parent=543"}],"wp:term":[{"taxonomy":"product_brand","embeddable":true,"href":"https:\/\/sarikettunenart.com\/index.php?rest_route=%2Fwp%2Fv2%2Fproduct_brand&post=543"},{"taxonomy":"product_cat","embeddable":true,"href":"https:\/\/sarikettunenart.com\/index.php?rest_route=%2Fwp%2Fv2%2Fproduct_cat&post=543"},{"taxonomy":"product_tag","embeddable":true,"href":"https:\/\/sarikettunenart.com\/index.php?rest_route=%2Fwp%2Fv2%2Fproduct_tag&post=543"}],"curies":[{"name":"wp","href":"https:\/\/api.w.org\/{rel}","templated":true}]}}