{"id":379,"date":"2023-01-01T12:56:57","date_gmt":"2023-01-01T12:56:57","guid":{"rendered":"https:\/\/elb.bro.mybluehost.me\/?post_type=product&#038;p=379"},"modified":"2024-11-03T13:20:57","modified_gmt":"2024-11-03T13:20:57","slug":"invaasio","status":"publish","type":"product","link":"https:\/\/sarikettunenart.com\/?product=invaasio","title":{"rendered":"Uniikki kudottu taideteos: Invaasio"},"content":{"rendered":"<div class=\"wp-block-column\" data-carousel-extra=\"{&quot;blog_id&quot;:93214165,&quot;permalink&quot;:&quot;http:\\\/\\\/34.88.79.200\\\/2021\\\/01\\\/01\\\/kudottu-taideteos-invaasio\\\/&quot;}\">\n<p><strong>T\u00e4m\u00e4n taideteoksen nimi on Invaasio. Se on kudottu kangaspuilla ja muodoltaan se on melkein neli\u00f6, 98 cm x 96 cm. Se on kudottu loimeen, joka on v\u00e4rj\u00e4tty lupiininlehdill\u00e4 ja kukilla. Kuteena on k\u00e4ytetty vanhojen kudontaprojektien ylij\u00e4\u00e4m\u00e4lankoja. Teoksen valmistumisvuosi on 2019.<\/strong><\/p>\n<p class=\"has-small-font-size\">Niityll\u00e4 k\u00e4yd\u00e4\u00e4n taistelua el\u00e4m\u00e4st\u00e4 ja kuolemasta<em>.\u00a0<\/em>Joka kes\u00e4 yh\u00e4 useammat tienvarret ovat lupiininkukkia pullollaan. Autiotalon pihalta liikkeelle l\u00e4hteneen lupiiniarmeijan voi n\u00e4hd\u00e4 valloittavan itselleen lis\u00e4\u00e4 elintilaa. Invaasio on saanut inspiraationsa lupiinien voittokulusta kes\u00e4isill\u00e4 niityill\u00e4 ja joutomailla.<\/p>\n<p class=\"has-small-font-size\">Invaasio syntyi kepe\u00e4sti kes\u00e4ll\u00e4 imien itseens\u00e4 l\u00e4mp\u00f6isen hein\u00e4kuisen kes\u00e4p\u00e4iv\u00e4n tunnelman. Palasin ty\u00f6n my\u00f6t\u00e4 kasviv\u00e4rj\u00e4yksen pariin. Oli tyydytt\u00e4v\u00e4\u00e4 saada ker\u00e4t\u00e4 kukintoja v\u00e4rj\u00e4yspataan, vaikka projektini tekikin villiintyneiden lupiineiden m\u00e4\u00e4r\u00e4\u00e4n vain pienen loven.<\/p>\n<p class=\"has-small-font-size\">Olen kutoessani yhdistellyt poimintaa, kuvikasta, palttinaa ja toimikasta. Kuteiden v\u00e4rit sekoittelin eri kudontaprojektien ylij\u00e4\u00e4m\u00e4langoista. Yleens\u00e4 teen kudottavaa teosta varten tarkan luonnoksen, joka kulkee teoksen alla kutoessa, mutta t\u00e4m\u00e4n teoksen kohdalla p\u00e4\u00e4tin j\u00e4tt\u00e4\u00e4 senkin pois ja seurasin teoksen edetess\u00e4 vain noin postikortin kokoista luonnosta. Se oli j\u00e4nnitt\u00e4v\u00e4\u00e4 ja palkitsevaa.<\/p>\n<\/div>\n","protected":false},"excerpt":{"rendered":"<p><strong>Teoksen nimi:<\/strong> Invaasio<\/p>\n<p><strong>Valmistumisvuosi:<\/strong> 2019<\/p>\n<p><strong>Koko:<\/strong> 98 cm x 96 cm<\/p>\n<p><strong>Materiaali:<\/strong> Sekalaiset langat<\/p>\n<p><strong>Tekniikka:<\/strong> kankaankudonta<\/p>\n<p><strong>Ripustus:<\/strong> Teoksessa on puinen tanko teoksen yl\u00e4reunassa ja helmassa. Yl\u00e4reunan tangossa on silmukat ripustamista varten molemmissa p\u00e4iss\u00e4.<\/p>\n<p>Teos on myynniss\u00e4 Lahden taidelainaamolla.\u00a0<a href=\"https:\/\/lahden-taiteilijaseura.gruppo.fi\/taidelainaamo\/public\/go.php?action=work&amp;work_id=138350\" target=\"_blank\" rel=\"noopener\"><strong>Klikkaa itsesi taidelainaamon sivulle t\u00e4st\u00e4<\/strong><\/a>.<\/p>\n","protected":false},"featured_media":1578,"comment_status":"open","ping_status":"closed","template":"","meta":{"_kadence_starter_templates_imported_post":false,"_kad_post_transparent":"default","_kad_post_title":"","_kad_post_layout":"default","_kad_post_sidebar_id":"","_kad_post_content_style":"default","_kad_post_vertical_padding":"default","_kad_post_feature":"","_kad_post_feature_position":"","_kad_post_header":false,"_kad_post_footer":false,"_kad_post_classname":""},"product_brand":[],"product_cat":[489],"product_tag":[78,81,84,42,87,90],"class_list":{"0":"post-379","1":"product","2":"type-product","3":"status-publish","4":"has-post-thumbnail","6":"product_cat-uniikit-fi","7":"product_tag-green-fi","8":"product_tag-lupine-fi","9":"product_tag-meadow-fi","10":"product_tag-niitty","11":"product_tag-pink-fi","12":"product_tag-purple-fi","14":"first","15":"outofstock","16":"sold-individually","17":"taxable","18":"shipping-taxable","19":"purchasable","20":"product-type-simple","21":"entry","22":"content-bg","23":"loop-entry"},"_links":{"self":[{"href":"https:\/\/sarikettunenart.com\/index.php?rest_route=\/wp\/v2\/product\/379","targetHints":{"allow":["GET"]}}],"collection":[{"href":"https:\/\/sarikettunenart.com\/index.php?rest_route=\/wp\/v2\/product"}],"about":[{"href":"https:\/\/sarikettunenart.com\/index.php?rest_route=\/wp\/v2\/types\/product"}],"replies":[{"embeddable":true,"href":"https:\/\/sarikettunenart.com\/index.php?rest_route=%2Fwp%2Fv2%2Fcomments&post=379"}],"wp:featuredmedia":[{"embeddable":true,"href":"https:\/\/sarikettunenart.com\/index.php?rest_route=\/wp\/v2\/media\/1578"}],"wp:attachment":[{"href":"https:\/\/sarikettunenart.com\/index.php?rest_route=%2Fwp%2Fv2%2Fmedia&parent=379"}],"wp:term":[{"taxonomy":"product_brand","embeddable":true,"href":"https:\/\/sarikettunenart.com\/index.php?rest_route=%2Fwp%2Fv2%2Fproduct_brand&post=379"},{"taxonomy":"product_cat","embeddable":true,"href":"https:\/\/sarikettunenart.com\/index.php?rest_route=%2Fwp%2Fv2%2Fproduct_cat&post=379"},{"taxonomy":"product_tag","embeddable":true,"href":"https:\/\/sarikettunenart.com\/index.php?rest_route=%2Fwp%2Fv2%2Fproduct_tag&post=379"}],"curies":[{"name":"wp","href":"https:\/\/api.w.org\/{rel}","templated":true}]}}