{"id":2219,"date":"2024-10-10T17:53:58","date_gmt":"2024-10-10T17:53:58","guid":{"rendered":"https:\/\/sarikettunenart.com\/?post_type=product&#038;p=2219"},"modified":"2025-09-17T09:14:29","modified_gmt":"2025-09-17T09:14:29","slug":"taide-akustiikka-kasittaja-ii","status":"publish","type":"product","link":"https:\/\/sarikettunenart.com\/?product=taide-akustiikka-kasittaja-ii","title":{"rendered":"Taide + Akustiikka: K\u00e4sitt\u00e4j\u00e4 II"},"content":{"rendered":"<p>Tutkin k\u00e4sitt\u00e4misen teemaa k\u00e4sill\u00e4 tekemisen kautta. Teoksen tekeminen ja tulkinta liittyy vahvasti aisteihin, mutta miten k\u00e4sitt\u00e4\u00e4 kone, jolla ei ole aisteja? Pohdin teoksessani \u00e4lyn ja k\u00e4sitt\u00e4misen kysymyksi\u00e4. Muistisairaiden vanhusten muistamisen haasteet ja lasten mielikuvituksen rajattomuus inspiroivat minua. Molemmissa tapauksissa maailma n\u00e4ytt\u00e4ytyy yll\u00e4tt\u00e4v\u00e4n\u00e4 ja uudella tavalla k\u00e4sitt\u00e4m\u00e4tt\u00f6m\u00e4n\u00e4. Teokseni kutsuvat katsojaa pohtimaan havaintojaan sek\u00e4 avartamaan k\u00e4sitt\u00e4misen ulottuvuuksia.<\/p>\n<p>Teoskokonaisuus on valmistettu k\u00e4sin kutoen k\u00e4ytt\u00e4en lampaanvilloja ja GOTS-sertifioitua luomupuuvillaa. Teokset ovat t\u00e4ysin muovittomia ja valmistettu ymp\u00e4rist\u00f6yst\u00e4v\u00e4llisesti ja eettisesti. Teokset tuovat tilaan edustavuutta sek\u00e4 viihtyisyytt\u00e4 ja niihin integroitu akustiikkaelementti parantaa tilan akustiikkaa. Testauksessa ne ovat saaneet absorptioluokan B <span style=\"font-family: CIDFont+F1;\"><span style=\"font-size: small;\">(ISO 354:2003, EN ISO 11654:1997).<\/span><\/span><\/p>\n","protected":false},"excerpt":{"rendered":"<p><strong>Teoksen nimi:<\/strong> K\u00e4sitt\u00e4j\u00e4 II<\/p>\n<p><strong>Julkaisuvuosi:<\/strong> 2024<\/p>\n<p><strong>Koko:<\/strong> 94 cm x 162 cm x 5 cm<\/p>\n<p><strong>Materiaali:<\/strong> Luonnonv\u00e4reill\u00e4 v\u00e4rj\u00e4tty suomalaisten lampaiden villa, biodynaamisesti tuotettu villa, GOTS-sertifioitu luomupuuvilla, pellava, villahuopa, puu<\/p>\n<p><strong>Tekniikka:<\/strong> Kankaankudonta<\/p>\n<p><strong>Ripustus:<\/strong> Teos on pingotettu puiseen kiilakehykseen, joka ripustetaan tavallisen taulun tapaan. Teoksen takana yl\u00e4osassa on kaksi metallista ripustustinta.<\/p>\n","protected":false},"featured_media":2244,"comment_status":"open","ping_status":"closed","template":"","meta":{"_kadence_starter_templates_imported_post":false,"_kad_post_transparent":"default","_kad_post_title":"","_kad_post_layout":"default","_kad_post_sidebar_id":"","_kad_post_content_style":"default","_kad_post_vertical_padding":"default","_kad_post_feature":"","_kad_post_feature_position":"","_kad_post_header":false,"_kad_post_footer":false,"_kad_post_classname":""},"product_brand":[],"product_cat":[579,481,173],"product_tag":[],"class_list":{"0":"post-2219","1":"product","2":"type-product","3":"status-publish","4":"has-post-thumbnail","6":"product_cat-kasittaja-sarja","7":"product_cat-taide-akustiikka-fi-fi","8":"product_cat-taideteokset","10":"first","11":"outofstock","12":"sold-individually","13":"taxable","14":"shipping-taxable","15":"product-type-simple","16":"entry","17":"content-bg","18":"loop-entry"},"_links":{"self":[{"href":"https:\/\/sarikettunenart.com\/index.php?rest_route=\/wp\/v2\/product\/2219","targetHints":{"allow":["GET"]}}],"collection":[{"href":"https:\/\/sarikettunenart.com\/index.php?rest_route=\/wp\/v2\/product"}],"about":[{"href":"https:\/\/sarikettunenart.com\/index.php?rest_route=\/wp\/v2\/types\/product"}],"replies":[{"embeddable":true,"href":"https:\/\/sarikettunenart.com\/index.php?rest_route=%2Fwp%2Fv2%2Fcomments&post=2219"}],"wp:featuredmedia":[{"embeddable":true,"href":"https:\/\/sarikettunenart.com\/index.php?rest_route=\/wp\/v2\/media\/2244"}],"wp:attachment":[{"href":"https:\/\/sarikettunenart.com\/index.php?rest_route=%2Fwp%2Fv2%2Fmedia&parent=2219"}],"wp:term":[{"taxonomy":"product_brand","embeddable":true,"href":"https:\/\/sarikettunenart.com\/index.php?rest_route=%2Fwp%2Fv2%2Fproduct_brand&post=2219"},{"taxonomy":"product_cat","embeddable":true,"href":"https:\/\/sarikettunenart.com\/index.php?rest_route=%2Fwp%2Fv2%2Fproduct_cat&post=2219"},{"taxonomy":"product_tag","embeddable":true,"href":"https:\/\/sarikettunenart.com\/index.php?rest_route=%2Fwp%2Fv2%2Fproduct_tag&post=2219"}],"curies":[{"name":"wp","href":"https:\/\/api.w.org\/{rel}","templated":true}]}}