{"id":2157,"date":"2024-08-05T11:23:52","date_gmt":"2024-08-05T11:23:52","guid":{"rendered":"https:\/\/sarikettunenart.com\/?post_type=product&#038;p=2157"},"modified":"2025-01-20T09:34:17","modified_gmt":"2025-01-20T09:34:17","slug":"taide-akustiikka-henkilokemiat","status":"publish","type":"product","link":"https:\/\/sarikettunenart.com\/?product=taide-akustiikka-henkilokemiat","title":{"rendered":"Taide + Akustiikka: Henkil\u00f6kemiat"},"content":{"rendered":"<p class=\"work-sample__description\">Tapaamme toisiamme paljon virtuaalisesti, mutta joskus tuntuu, ett\u00e4 kohtaaminen j\u00e4\u00e4 jotenkin vaillinaiseksi. Kaipaamme fyysist\u00e4 kohtaamista, sill\u00e4 fyysisiss\u00e4 vuorovaikutustilanteissa tapahtuu paljon virtuaalisia kohtaamisia enemm\u00e4n tiedostamatonta viestint\u00e4\u00e4, kun aistimme toisen ihmisen kokonaisvaltaisesti. Synkkaako vai ei? Sen huomaamme v\u00e4litt\u00f6m\u00e4sti kun kohtaamme fyysisess\u00e4 todellisuudessa.<\/p>\n<p>Teos on valmistettu k\u00e4sin kutoen k\u00e4ytt\u00e4en luonnonv\u00e4reill\u00e4 v\u00e4rj\u00e4ttyj\u00e4 suomalaisia lampaanvilloja ja GOTS-sertifioitua luomupuuvillaa. Se on t\u00e4ysin muoviton ja valmistettu ymp\u00e4rist\u00f6yst\u00e4v\u00e4llisesti ja eettisesti. Teos tuo tilaan edustavuutta ja viihtyisyytt\u00e4. Siihen on integroitu akustiikkaelementti, joka parantaa tilan akustiikkaa. Testauksessa teos on saanut absorptioluokan B (Turun AMK:n akustiikkalaboratorio).<\/p>\n<p>&nbsp;<\/p>\n","protected":false},"excerpt":{"rendered":"<p><strong>Teoksen nimi:<\/strong> Henkil\u00f6kemiat<\/p>\n<p><strong>Julkaisuvuosi:<\/strong> 2022<\/p>\n<p><strong>Koko:<\/strong> 54 cm x 94 cm x 5 cm<\/p>\n<p><strong>Materiaali:<\/strong> Luonnonv\u00e4reill\u00e4 v\u00e4rj\u00e4tty suomalaisten lampaiden villa, GOTS-sertifioitu luomupuuvilla, villahuopa, puu<\/p>\n<p><strong>Tekniikka:<\/strong> Kankaankudonta<\/p>\n<p><strong>Ripustus:<\/strong> Teoksen osat on pingotettu puisiin kiilakehyksiin, jotka ripustetaan tavallisen taulun tapaan. Kummankin osan takana yl\u00e4osassa on kaksi metallista ripustustinta.<\/p>\n<p><a href=\"https:\/\/www.taiko.art\/sari-kettunen\/qdryyv9kr5\" target=\"_blank\" rel=\"noopener\">Teoksen voi ostaa Taikosta. Klikkaa t\u00e4st\u00e4 p\u00e4\u00e4st\u00e4ksesi Taikoon.<\/a><\/p>\n","protected":false},"featured_media":2159,"comment_status":"open","ping_status":"closed","template":"","meta":{"_kadence_starter_templates_imported_post":false,"_kad_post_transparent":"default","_kad_post_title":"","_kad_post_layout":"default","_kad_post_sidebar_id":"","_kad_post_content_style":"default","_kad_post_vertical_padding":"default","_kad_post_feature":"","_kad_post_feature_position":"","_kad_post_header":false,"_kad_post_footer":false,"_kad_post_classname":""},"product_brand":[],"product_cat":[577,481,173],"product_tag":[304,573,571,87,569,233],"class_list":{"0":"post-2157","1":"product","2":"type-product","3":"status-publish","4":"has-post-thumbnail","6":"product_cat-jattilaisten-maa-sarja","7":"product_cat-taide-akustiikka-fi-fi","8":"product_cat-taideteokset","9":"product_tag-keltainen","10":"product_tag-ochre-fi","11":"product_tag-okra","12":"product_tag-pink-fi","13":"product_tag-pinkki","14":"product_tag-yellow-fi","15":"product_shipping_class-uniikit-teokset","17":"first","18":"outofstock","19":"taxable","20":"shipping-taxable","21":"product-type-simple","22":"entry","23":"content-bg","24":"loop-entry"},"_links":{"self":[{"href":"https:\/\/sarikettunenart.com\/index.php?rest_route=\/wp\/v2\/product\/2157","targetHints":{"allow":["GET"]}}],"collection":[{"href":"https:\/\/sarikettunenart.com\/index.php?rest_route=\/wp\/v2\/product"}],"about":[{"href":"https:\/\/sarikettunenart.com\/index.php?rest_route=\/wp\/v2\/types\/product"}],"replies":[{"embeddable":true,"href":"https:\/\/sarikettunenart.com\/index.php?rest_route=%2Fwp%2Fv2%2Fcomments&post=2157"}],"wp:featuredmedia":[{"embeddable":true,"href":"https:\/\/sarikettunenart.com\/index.php?rest_route=\/wp\/v2\/media\/2159"}],"wp:attachment":[{"href":"https:\/\/sarikettunenart.com\/index.php?rest_route=%2Fwp%2Fv2%2Fmedia&parent=2157"}],"wp:term":[{"taxonomy":"product_brand","embeddable":true,"href":"https:\/\/sarikettunenart.com\/index.php?rest_route=%2Fwp%2Fv2%2Fproduct_brand&post=2157"},{"taxonomy":"product_cat","embeddable":true,"href":"https:\/\/sarikettunenart.com\/index.php?rest_route=%2Fwp%2Fv2%2Fproduct_cat&post=2157"},{"taxonomy":"product_tag","embeddable":true,"href":"https:\/\/sarikettunenart.com\/index.php?rest_route=%2Fwp%2Fv2%2Fproduct_tag&post=2157"}],"curies":[{"name":"wp","href":"https:\/\/api.w.org\/{rel}","templated":true}]}}