{"id":2128,"date":"2024-07-10T10:09:48","date_gmt":"2024-07-10T10:09:48","guid":{"rendered":"https:\/\/sarikettunenart.com\/?post_type=product&#038;p=2128"},"modified":"2025-09-17T09:15:45","modified_gmt":"2025-09-17T09:15:45","slug":"taide-akustiikka-jattilaisten-maa","status":"publish","type":"product","link":"https:\/\/sarikettunenart.com\/?product=taide-akustiikka-jattilaisten-maa","title":{"rendered":"Taide + Akustiikka: J\u00e4ttil\u00e4isten maa"},"content":{"rendered":"<p class=\"work-sample__description\"><strong>J\u00e4ttil\u00e4isten maa <\/strong>muodostaa kumpuilevan maiseman, joka saa mielemme vaeltamaan myyttisten tarinoiden maailmoihin. T\u00e4m\u00e4 kolmen itsen\u00e4isen teoksen muodostama kokonaisuus huokuu alkuvoimaa ja kunnioitusta ymp\u00e4rist\u00f6\u00e4mme kohtaan.<\/p>\n<p>Teoskokonaisuus on valmistettu k\u00e4sin kutoen k\u00e4ytt\u00e4en lampaanvilloja ja GOTS-sertifioitua luomupuuvillaa. Teokset ovat t\u00e4ysin muovittomia ja valmistettu ymp\u00e4rist\u00f6yst\u00e4v\u00e4llisesti ja eettisesti. Teokset tuovat tilaan edustavuutta sek\u00e4 viihtyisyytt\u00e4 ja niihin integroitu akustiikkaelementti parantaa tilan akustiikkaa. Testauksessa ne ovat saaneet absorptioluokan B <span style=\"font-family: CIDFont+F1;\"><span style=\"font-size: small;\">(ISO 354:2003, EN ISO 11654:1997)<\/span><\/span>.<\/p>\n","protected":false},"excerpt":{"rendered":"<p><strong>Teoksen nimi:<\/strong> J\u00e4ttil\u00e4isten maa<\/p>\n<p><strong>Julkaisuvuosi:<\/strong> 2024<\/p>\n<p><strong>Koko:<\/strong> 94 cm x 162 cm x 5 cm<\/p>\n<p><strong>Materiaalit:<\/strong> Pohjoismaisella joutsenmerkill\u00e4 merkitty norjalainen villa, luonnonv\u00e4reill\u00e4 v\u00e4rj\u00e4tty suomalaisten lampaiden villa, GOTS-sertifioitu luomupuuvilla, pellava, villahuopa, puu<\/p>\n<p><strong>Tekniikka:<\/strong> Kankaankudonta<\/p>\n<p><strong>Ripustus:<\/strong> Teoksen osat on on pingotettu puisiin kiilakehyksiin, jotka ripustetaan tavallisen taulun tapaan. Kunkin osan takana yl\u00e4osassa on kaksi metallista ripustustinta.<\/p>\n","protected":false},"featured_media":2132,"comment_status":"open","ping_status":"closed","template":"","meta":{"_kadence_starter_templates_imported_post":false,"_kad_post_transparent":"default","_kad_post_title":"","_kad_post_layout":"default","_kad_post_sidebar_id":"","_kad_post_content_style":"default","_kad_post_vertical_padding":"default","_kad_post_feature":"","_kad_post_feature_position":"","_kad_post_header":false,"_kad_post_footer":false,"_kad_post_classname":""},"product_brand":[],"product_cat":[577,481,173],"product_tag":[],"class_list":{"0":"post-2128","1":"product","2":"type-product","3":"status-publish","4":"has-post-thumbnail","6":"product_cat-jattilaisten-maa-sarja","7":"product_cat-taide-akustiikka-fi-fi","8":"product_cat-taideteokset","10":"first","11":"outofstock","12":"sold-individually","13":"taxable","14":"shipping-taxable","15":"product-type-simple","16":"entry","17":"content-bg","18":"loop-entry"},"_links":{"self":[{"href":"https:\/\/sarikettunenart.com\/index.php?rest_route=\/wp\/v2\/product\/2128","targetHints":{"allow":["GET"]}}],"collection":[{"href":"https:\/\/sarikettunenart.com\/index.php?rest_route=\/wp\/v2\/product"}],"about":[{"href":"https:\/\/sarikettunenart.com\/index.php?rest_route=\/wp\/v2\/types\/product"}],"replies":[{"embeddable":true,"href":"https:\/\/sarikettunenart.com\/index.php?rest_route=%2Fwp%2Fv2%2Fcomments&post=2128"}],"wp:featuredmedia":[{"embeddable":true,"href":"https:\/\/sarikettunenart.com\/index.php?rest_route=\/wp\/v2\/media\/2132"}],"wp:attachment":[{"href":"https:\/\/sarikettunenart.com\/index.php?rest_route=%2Fwp%2Fv2%2Fmedia&parent=2128"}],"wp:term":[{"taxonomy":"product_brand","embeddable":true,"href":"https:\/\/sarikettunenart.com\/index.php?rest_route=%2Fwp%2Fv2%2Fproduct_brand&post=2128"},{"taxonomy":"product_cat","embeddable":true,"href":"https:\/\/sarikettunenart.com\/index.php?rest_route=%2Fwp%2Fv2%2Fproduct_cat&post=2128"},{"taxonomy":"product_tag","embeddable":true,"href":"https:\/\/sarikettunenart.com\/index.php?rest_route=%2Fwp%2Fv2%2Fproduct_tag&post=2128"}],"curies":[{"name":"wp","href":"https:\/\/api.w.org\/{rel}","templated":true}]}}