{"id":2001,"date":"2024-01-22T08:59:13","date_gmt":"2024-01-22T08:59:13","guid":{"rendered":"https:\/\/sarikettunenart.com\/?post_type=product&#038;p=2001"},"modified":"2024-01-22T18:37:11","modified_gmt":"2024-01-22T18:37:11","slug":"pigmenttivedos-kasittaja-i","status":"publish","type":"product","link":"https:\/\/sarikettunenart.com\/?product=pigmenttivedos-kasittaja-i","title":{"rendered":"Pigmenttivedos: K\u00e4sitt\u00e4j\u00e4 I"},"content":{"rendered":"<p>Teos k\u00e4sittelee ihmisen kyky\u00e4 luoda havainnoistaan itselle merkityksellisi\u00e4 kokonaisuuksia, joiden avulla k\u00e4sitt\u00e4\u00e4 maailmaa. Teos houkuttaa katsojaa pohtimaan, mit\u00e4 h\u00e4n teoksessa n\u00e4kee ja millaisia tulkintoja n\u00e4kem\u00e4st\u00e4\u00e4n tekee. K\u00e4tten tekem\u00e4n teoksen kautta avautuu ihmiskatsojalle oivalluksia ja uusia k\u00e4sitt\u00e4misen maailmoja. Ent\u00e4 miten saman teoksen k\u00e4sitt\u00e4\u00e4 koneen \u00e4ly, joka perustuu aistihavaintojen sijasta koodeihin? Teos osallistuu keskusteluun ihmis\u00e4lyn ja teko\u00e4lyn luonteesta ja eroista.<\/p>\n","protected":false},"excerpt":{"rendered":"<p><strong>Teoksen nimi:<\/strong> K\u00e4sitt\u00e4j\u00e4<\/p>\n<p><strong>Sarjan koko:<\/strong> 20 kpl<\/p>\n<p><strong>Koko:<\/strong> Paperin koko A3, kuvan koko 39 cm x 23 cm<\/p>\n<p><strong>Materiaali:<\/strong> Hahnem\u00fcle happovapaa paperi<\/p>\n<p><strong>Tekniikka:<\/strong> Museolaatuinen mustesuihkutulostus pigmenttiv\u00e4rein<\/p>\n<p>T\u00e4m\u00e4 pigmenttivedos alkuper\u00e4isest\u00e4 taideteoksesta on tulostettu happovapaalle paperille museolaatuisilla v\u00e4reill\u00e4. Vedos on numeroitu ja signeerattu. Sarjan koko on 20 kpl. V\u00e4rien s\u00e4ilymisen varmistamiseksi ja teoksen suojelemiseksi p\u00f6lylt\u00e4 ja kosteudelta, se tulee kehyst\u00e4\u00e4 happovapailla materiaaleilla, aukkopahvin kanssa, lasin alle. Kehystys ei sis\u00e4lly hintaan.<\/p>\n<p><strong>HUOMIO! Teos tulostetaan tilauksesta ja sen toimitusaika on noin kaksi viikkoa + postin kulkuaika.<\/strong><\/p>\n","protected":false},"featured_media":2003,"comment_status":"open","ping_status":"closed","template":"","meta":{"_kadence_starter_templates_imported_post":false,"_kad_post_transparent":"default","_kad_post_title":"","_kad_post_layout":"default","_kad_post_sidebar_id":"","_kad_post_content_style":"default","_kad_post_vertical_padding":"default","_kad_post_feature":"","_kad_post_feature_position":"","_kad_post_header":false,"_kad_post_footer":false,"_kad_post_classname":""},"product_brand":[],"product_cat":[487,173],"product_tag":[541,543,300,306],"class_list":{"0":"post-2001","1":"product","2":"type-product","3":"status-publish","4":"has-post-thumbnail","6":"product_cat-pigmenttivedokset-fi-fi","7":"product_cat-taideteokset","8":"product_tag-abstrakti","9":"product_tag-musta","10":"product_tag-punainen","11":"product_tag-red","12":"product_shipping_class-vakio-koon-teokset","14":"first","15":"instock","16":"taxable","17":"shipping-taxable","18":"purchasable","19":"product-type-simple","20":"entry","21":"content-bg","22":"loop-entry"},"_links":{"self":[{"href":"https:\/\/sarikettunenart.com\/index.php?rest_route=\/wp\/v2\/product\/2001","targetHints":{"allow":["GET"]}}],"collection":[{"href":"https:\/\/sarikettunenart.com\/index.php?rest_route=\/wp\/v2\/product"}],"about":[{"href":"https:\/\/sarikettunenart.com\/index.php?rest_route=\/wp\/v2\/types\/product"}],"replies":[{"embeddable":true,"href":"https:\/\/sarikettunenart.com\/index.php?rest_route=%2Fwp%2Fv2%2Fcomments&post=2001"}],"wp:featuredmedia":[{"embeddable":true,"href":"https:\/\/sarikettunenart.com\/index.php?rest_route=\/wp\/v2\/media\/2003"}],"wp:attachment":[{"href":"https:\/\/sarikettunenart.com\/index.php?rest_route=%2Fwp%2Fv2%2Fmedia&parent=2001"}],"wp:term":[{"taxonomy":"product_brand","embeddable":true,"href":"https:\/\/sarikettunenart.com\/index.php?rest_route=%2Fwp%2Fv2%2Fproduct_brand&post=2001"},{"taxonomy":"product_cat","embeddable":true,"href":"https:\/\/sarikettunenart.com\/index.php?rest_route=%2Fwp%2Fv2%2Fproduct_cat&post=2001"},{"taxonomy":"product_tag","embeddable":true,"href":"https:\/\/sarikettunenart.com\/index.php?rest_route=%2Fwp%2Fv2%2Fproduct_tag&post=2001"}],"curies":[{"name":"wp","href":"https:\/\/api.w.org\/{rel}","templated":true}]}}