{"id":1996,"date":"2023-12-31T10:24:46","date_gmt":"2023-12-31T10:24:46","guid":{"rendered":"https:\/\/sarikettunenart.com\/?post_type=product&#038;p=1996"},"modified":"2024-09-16T10:39:11","modified_gmt":"2024-09-16T10:39:11","slug":"kasittaja-1-2","status":"publish","type":"product","link":"https:\/\/sarikettunenart.com\/?product=kasittaja-1-2&lang=en","title":{"rendered":"Art + Acoustics: K\u00e4sitt\u00e4j\u00e4 I"},"content":{"rendered":"<p>The artwork deals with a person&#8217;s ability to create meaningful entities from their observations, with the help of which they can understand the world. The artwork entices the viewer to think about what he\/she sees in the artwork and what kind of interpretations he\/she makes of what he sees. Through a artwork made by hands, insights and new worlds of understanding open up for the human viewer. But how does a machine&#8217;s intelligence, which is based on codes instead of sensory perceptions, understand the same artwork? The artwork participates in the discussion about the nature and differences between human intelligence and artificial intelligence.<\/p>\n","protected":false},"excerpt":{"rendered":"<p><strong>Title of the artwork:<\/strong> K\u00e4sitt\u00e4j\u00e4 I<\/p>\n<p><strong>Year of completion:<\/strong> 2023<\/p>\n<p><strong>Size:<\/strong> 94cm x 162cm x 5cm<\/p>\n<p><strong>Material:<\/strong> Wool from Finnish sheep dyed with natural colors, biodynamically produced wool, GOTS-certified organic cotton, linen, wool felt, wood<\/p>\n<p><strong>Technique:<\/strong> Fabric weaving<\/p>\n<p><strong>Hanging:<\/strong> The artwork is stretched on a wooden frame. It can be hung like a regular painting. There are two metal hanging loops in the upper part of the back of the piece.<\/p>\n","protected":false},"featured_media":1993,"comment_status":"open","ping_status":"closed","template":"","meta":{"_kadence_starter_templates_imported_post":false,"_kad_post_transparent":"default","_kad_post_title":"","_kad_post_layout":"default","_kad_post_sidebar_id":"","_kad_post_content_style":"default","_kad_post_vertical_padding":"default","_kad_post_feature":"","_kad_post_feature_position":"","_kad_post_header":false,"_kad_post_footer":false,"_kad_post_classname":""},"product_brand":[],"product_cat":[483,175,585],"product_tag":[],"class_list":{"0":"post-1996","1":"product","2":"type-product","3":"status-publish","4":"has-post-thumbnail","6":"product_cat-art-acoustics","7":"product_cat-artworks","8":"product_cat-comprise-series","9":"product_shipping_class-uniikit-teokset","11":"first","12":"instock","13":"sold-individually","14":"taxable","15":"shipping-taxable","16":"purchasable","17":"product-type-simple","18":"entry","19":"content-bg","20":"loop-entry"},"_links":{"self":[{"href":"https:\/\/sarikettunenart.com\/index.php?rest_route=\/wp\/v2\/product\/1996","targetHints":{"allow":["GET"]}}],"collection":[{"href":"https:\/\/sarikettunenart.com\/index.php?rest_route=\/wp\/v2\/product"}],"about":[{"href":"https:\/\/sarikettunenart.com\/index.php?rest_route=\/wp\/v2\/types\/product"}],"replies":[{"embeddable":true,"href":"https:\/\/sarikettunenart.com\/index.php?rest_route=%2Fwp%2Fv2%2Fcomments&post=1996"}],"wp:featuredmedia":[{"embeddable":true,"href":"https:\/\/sarikettunenart.com\/index.php?rest_route=\/wp\/v2\/media\/1993"}],"wp:attachment":[{"href":"https:\/\/sarikettunenart.com\/index.php?rest_route=%2Fwp%2Fv2%2Fmedia&parent=1996"}],"wp:term":[{"taxonomy":"product_brand","embeddable":true,"href":"https:\/\/sarikettunenart.com\/index.php?rest_route=%2Fwp%2Fv2%2Fproduct_brand&post=1996"},{"taxonomy":"product_cat","embeddable":true,"href":"https:\/\/sarikettunenart.com\/index.php?rest_route=%2Fwp%2Fv2%2Fproduct_cat&post=1996"},{"taxonomy":"product_tag","embeddable":true,"href":"https:\/\/sarikettunenart.com\/index.php?rest_route=%2Fwp%2Fv2%2Fproduct_tag&post=1996"}],"curies":[{"name":"wp","href":"https:\/\/api.w.org\/{rel}","templated":true}]}}