{"id":1989,"date":"2023-12-31T10:23:52","date_gmt":"2023-12-31T10:23:52","guid":{"rendered":"https:\/\/sarikettunenart.com\/?post_type=product&#038;p=1989"},"modified":"2025-01-02T19:18:10","modified_gmt":"2025-01-02T19:18:10","slug":"kasittaja-1","status":"publish","type":"product","link":"https:\/\/sarikettunenart.com\/?product=kasittaja-1","title":{"rendered":"Taide + Akustiikka: K\u00e4sitt\u00e4j\u00e4 I"},"content":{"rendered":"<p>Teos k\u00e4sittelee ihmisen kyky\u00e4 luoda havainnoistaan itselle merkityksellisi\u00e4 kokonaisuuksia, joiden avulla k\u00e4sitt\u00e4\u00e4 maailmaa. Teos houkuttaa katsojaa pohtimaan, mit\u00e4 h\u00e4n teoksessa n\u00e4kee ja millaisia tulkintoja n\u00e4kem\u00e4st\u00e4\u00e4n tekee. K\u00e4tten tekem\u00e4n teoksen kautta avautuu ihmiskatsojalle oivalluksia ja uusia k\u00e4sitt\u00e4misen maailmoja. Ent\u00e4 miten saman teoksen k\u00e4sitt\u00e4\u00e4 koneen \u00e4ly, joka perustuu aistihavaintojen sijasta koodeihin? Teos osallistuu keskusteluun ihmis\u00e4lyn ja teko\u00e4lyn luonteesta ja eroista.<\/p>\n<p>Teoskokonaisuus on valmistettu k\u00e4sin kutoen k\u00e4ytt\u00e4en lampaanvilloja ja GOTS-sertifioitua luomupuuvillaa. Teokset ovat t\u00e4ysin muovittomia ja valmistettu ymp\u00e4rist\u00f6yst\u00e4v\u00e4llisesti ja eettisesti. Teokset tuovat tilaan edustavuutta sek\u00e4 viihtyisyytt\u00e4 ja niihin integroitu akustiikkaelementti parantaa tilan akustiikkaa. Testauksessa ne ovat saaneet absorptioluokan B (Turun AMK:n akustiikkalaboratorio).<\/p>\n","protected":false},"excerpt":{"rendered":"<p><strong>Teoksen nimi:<\/strong> K\u00e4sitt\u00e4j\u00e4 I<\/p>\n<p><strong>Julkaisuvuosi:<\/strong> 2023<\/p>\n<p><strong>Koko:<\/strong> 94 cm x 162 cm x 5 cm<\/p>\n<p><strong>Materiaali:<\/strong> Luonnonv\u00e4reill\u00e4 v\u00e4rj\u00e4tty suomalaisten lampaiden villa, biodynaamisesti tuotettu villa, GOTS-sertifioitu luomupuuvilla, pellava, villahuopa, puu<\/p>\n<p><strong>Tekniikka:<\/strong> Kankaankudonta<\/p>\n<p><strong>Ripustus:<\/strong> Teos on pingotettu puiseen kiilakehykseen, jotka ripustetaan tavallisen taulun tapaan. Teoksen takana yl\u00e4osassa on kaksi metallista ripustustinta.<\/p>\n","protected":false},"featured_media":1992,"comment_status":"open","ping_status":"closed","template":"","meta":{"_kadence_starter_templates_imported_post":false,"_kad_post_transparent":"default","_kad_post_title":"","_kad_post_layout":"default","_kad_post_sidebar_id":"","_kad_post_content_style":"default","_kad_post_vertical_padding":"default","_kad_post_feature":"","_kad_post_feature_position":"","_kad_post_header":false,"_kad_post_footer":false,"_kad_post_classname":""},"product_brand":[],"product_cat":[579,481,173],"product_tag":[],"class_list":{"0":"post-1989","1":"product","2":"type-product","3":"status-publish","4":"has-post-thumbnail","6":"product_cat-kasittaja-sarja","7":"product_cat-taide-akustiikka-fi-fi","8":"product_cat-taideteokset","9":"product_shipping_class-uniikit-teokset","11":"first","12":"instock","13":"sold-individually","14":"taxable","15":"shipping-taxable","16":"purchasable","17":"product-type-simple","18":"entry","19":"content-bg","20":"loop-entry"},"_links":{"self":[{"href":"https:\/\/sarikettunenart.com\/index.php?rest_route=\/wp\/v2\/product\/1989","targetHints":{"allow":["GET"]}}],"collection":[{"href":"https:\/\/sarikettunenart.com\/index.php?rest_route=\/wp\/v2\/product"}],"about":[{"href":"https:\/\/sarikettunenart.com\/index.php?rest_route=\/wp\/v2\/types\/product"}],"replies":[{"embeddable":true,"href":"https:\/\/sarikettunenart.com\/index.php?rest_route=%2Fwp%2Fv2%2Fcomments&post=1989"}],"wp:featuredmedia":[{"embeddable":true,"href":"https:\/\/sarikettunenart.com\/index.php?rest_route=\/wp\/v2\/media\/1992"}],"wp:attachment":[{"href":"https:\/\/sarikettunenart.com\/index.php?rest_route=%2Fwp%2Fv2%2Fmedia&parent=1989"}],"wp:term":[{"taxonomy":"product_brand","embeddable":true,"href":"https:\/\/sarikettunenart.com\/index.php?rest_route=%2Fwp%2Fv2%2Fproduct_brand&post=1989"},{"taxonomy":"product_cat","embeddable":true,"href":"https:\/\/sarikettunenart.com\/index.php?rest_route=%2Fwp%2Fv2%2Fproduct_cat&post=1989"},{"taxonomy":"product_tag","embeddable":true,"href":"https:\/\/sarikettunenart.com\/index.php?rest_route=%2Fwp%2Fv2%2Fproduct_tag&post=1989"}],"curies":[{"name":"wp","href":"https:\/\/api.w.org\/{rel}","templated":true}]}}