{"id":1975,"date":"2023-12-31T08:31:41","date_gmt":"2023-12-31T08:31:41","guid":{"rendered":"https:\/\/sarikettunenart.com\/?post_type=product&#038;p=1975"},"modified":"2025-01-20T09:37:45","modified_gmt":"2025-01-20T09:37:45","slug":"gaian-luomat","status":"publish","type":"product","link":"https:\/\/sarikettunenart.com\/?product=gaian-luomat","title":{"rendered":"Taide + Akustiikka: Gaian luomat"},"content":{"rendered":"<p class=\"work-sample__description\"><strong>Gaian luomat<\/strong> on teos, joka saa katseemme viiv\u00e4ht\u00e4m\u00e4\u00e4n taivaan, vuorten ja meren kauniissa liitossa. Se on kahden teoksen muodostama upea kokonaisuus, jossa luomismytologia yhdistyy luonnon muotoihin ja kunnioitukseen ymp\u00e4rist\u00f6\u00e4mme kohtaan.<\/p>\n<p>Teoskokonaisuus on valmistettu k\u00e4sin kutoen k\u00e4ytt\u00e4en luonnonv\u00e4reill\u00e4 v\u00e4rj\u00e4ttyj\u00e4 suomalaisia lampaanvilloja ja GOTS-sertifioitua luomupuuvillaa. Teokset ovat t\u00e4ysin muovittomia ja valmistettu ymp\u00e4rist\u00f6yst\u00e4v\u00e4llisesti ja eettisesti. Teokset tuovat tilaan edustavuutta sek\u00e4 viihtyisyytt\u00e4 ja niihin integroitu akustiikkaelementti parantaa tilan akustiikkaa. Testauksessa ne ovat saaneet absorptioluokan B <span style=\"font-family: CIDFont+F1;\"><span style=\"font-size: small;\">(ISO 354:2003, EN ISO 11654:1997).<\/span><\/span><\/p>\n<p>&nbsp;<\/p>\n","protected":false},"excerpt":{"rendered":"<p><strong>Teoksen nimi:<\/strong> Gaian luomat<\/p>\n<p><strong>Julkaisuvuosi:<\/strong> 2023<\/p>\n<p><strong>Koko:<\/strong> 94 cm x 109 cm x 5 cm<\/p>\n<p><strong>Materiaali:<\/strong> Luonnonv\u00e4reill\u00e4 v\u00e4rj\u00e4tty suomalaisten lampaiden villa, GOTS-sertifioitu luomupuuvilla, villahuopa, puu<\/p>\n<p><strong>Tekniikka:<\/strong> Kankaankudonta<\/p>\n<p><strong>Ripustus:<\/strong> Teoksen osat on pingotettu puisiin kiilakehyksiin, jotka ripustetaan tavallisen taulun tapaan. Kummankin osan takana yl\u00e4osassa on kaksi metallista ripustustinta.<\/p>\n<p><a href=\"https:\/\/www.taiko.art\/sari-kettunen\/nx4q1285m3\" target=\"_blank\" rel=\"noopener\">Teoksen voi ostaa Taikosta. Klikkaa t\u00e4st\u00e4 p\u00e4\u00e4st\u00e4ksesi Taikoon.<\/a><\/p>\n","protected":false},"featured_media":1983,"comment_status":"open","ping_status":"closed","template":"","meta":{"_kadence_starter_templates_imported_post":false,"_kad_post_transparent":"default","_kad_post_title":"","_kad_post_layout":"default","_kad_post_sidebar_id":"","_kad_post_content_style":"default","_kad_post_vertical_padding":"default","_kad_post_feature":"","_kad_post_feature_position":"","_kad_post_header":false,"_kad_post_footer":false,"_kad_post_classname":""},"product_brand":[],"product_cat":[577,481,173],"product_tag":[],"class_list":{"0":"post-1975","1":"product","2":"type-product","3":"status-publish","4":"has-post-thumbnail","6":"product_cat-jattilaisten-maa-sarja","7":"product_cat-taide-akustiikka-fi-fi","8":"product_cat-taideteokset","9":"product_shipping_class-uniikit-teokset","11":"first","12":"outofstock","13":"sold-individually","14":"taxable","15":"shipping-taxable","16":"product-type-simple","17":"entry","18":"content-bg","19":"loop-entry"},"_links":{"self":[{"href":"https:\/\/sarikettunenart.com\/index.php?rest_route=\/wp\/v2\/product\/1975","targetHints":{"allow":["GET"]}}],"collection":[{"href":"https:\/\/sarikettunenart.com\/index.php?rest_route=\/wp\/v2\/product"}],"about":[{"href":"https:\/\/sarikettunenart.com\/index.php?rest_route=\/wp\/v2\/types\/product"}],"replies":[{"embeddable":true,"href":"https:\/\/sarikettunenart.com\/index.php?rest_route=%2Fwp%2Fv2%2Fcomments&post=1975"}],"wp:featuredmedia":[{"embeddable":true,"href":"https:\/\/sarikettunenart.com\/index.php?rest_route=\/wp\/v2\/media\/1983"}],"wp:attachment":[{"href":"https:\/\/sarikettunenart.com\/index.php?rest_route=%2Fwp%2Fv2%2Fmedia&parent=1975"}],"wp:term":[{"taxonomy":"product_brand","embeddable":true,"href":"https:\/\/sarikettunenart.com\/index.php?rest_route=%2Fwp%2Fv2%2Fproduct_brand&post=1975"},{"taxonomy":"product_cat","embeddable":true,"href":"https:\/\/sarikettunenart.com\/index.php?rest_route=%2Fwp%2Fv2%2Fproduct_cat&post=1975"},{"taxonomy":"product_tag","embeddable":true,"href":"https:\/\/sarikettunenart.com\/index.php?rest_route=%2Fwp%2Fv2%2Fproduct_tag&post=1975"}],"curies":[{"name":"wp","href":"https:\/\/api.w.org\/{rel}","templated":true}]}}