{"id":1253,"date":"2022-12-30T18:33:11","date_gmt":"2022-12-30T18:33:11","guid":{"rendered":"http:\/\/34.88.79.200\/?post_type=product&#038;p=1253"},"modified":"2024-09-18T06:59:37","modified_gmt":"2024-09-18T06:59:37","slug":"uniikki-kudottu-taideteos-felicity","status":"publish","type":"product","link":"https:\/\/sarikettunenart.com\/?product=uniikki-kudottu-taideteos-felicity","title":{"rendered":"Uniikki kudottu taideteos: Felicity"},"content":{"rendered":"<p><strong>Felicity, kuvaa nuorta naista aikuisuuden kynnyksell\u00e4. Teos syntyi niist\u00e4 energioista, jotka j\u00e4iv\u00e4t yli tytt\u00e4ren lennetty\u00e4 pes\u00e4st\u00e4.<\/strong><\/p>\n<p>Itse teoksen valmistaminen oli varsin hidasta, sill\u00e4 jokainen yksityiskohta on k\u00e4sin poimittu. Luonnosta tehdess\u00e4ni en tullut ajatelleeksi millaiseen liemeen tulisin itseni laittamaan t\u00e4m\u00e4n teoksen valmistamisen suhteen. Koko teoksen valmistamisprosessi muistutti kodista irtautumista ja itsen\u00e4istymist\u00e4, jotka nekin tarvitsevat paljon aikaa, eik\u00e4 draamaltakaan yleens\u00e4 v\u00e4ltyt\u00e4. Lopputulos n\u00e4ytt\u00e4\u00e4 helpolta ja keve\u00e4lt\u00e4. Felicity on yksi el\u00e4m\u00e4n onnellisista hetkist\u00e4.<\/p>\n<p>Felicity kuuluu Valtion taideteostoimikunnan kokoelmiin.<\/p>\n","protected":false},"excerpt":{"rendered":"<p><strong>Teoksen nimi:<\/strong> Felicity<\/p>\n<p><strong>Valmistumisvuosi:<\/strong> 2018<\/p>\n<p><strong>Koko:<\/strong> 80 cm x 61 cm x 3 cm<\/p>\n<p><strong>Materiaali:<\/strong> Villa ja viskoosi<\/p>\n<p><strong>Tekniikka:<\/strong> Kankaankudonta<\/p>\n<p><strong>Ripustus:<\/strong> Teos on pingotettu py\u00f6re\u00e4lle puupuristekehykselle. Ripustetaan tavallisen taulun tapaan.<\/p>\n","protected":false},"featured_media":1600,"comment_status":"open","ping_status":"closed","template":"","meta":{"_kadence_starter_templates_imported_post":false,"_kad_post_transparent":"default","_kad_post_title":"","_kad_post_layout":"default","_kad_post_sidebar_id":"","_kad_post_content_style":"default","_kad_post_vertical_padding":"default","_kad_post_feature":"","_kad_post_feature_position":"","_kad_post_header":false,"_kad_post_footer":false,"_kad_post_classname":""},"product_brand":[],"product_cat":[489],"product_tag":[78,286,290,292,304,294,288,308,302,300,310,306,296,298,19,233],"class_list":{"0":"post-1253","1":"product","2":"type-product","3":"status-publish","4":"has-post-thumbnail","6":"product_cat-uniikit-fi","7":"product_tag-green-fi","8":"product_tag-happiness","9":"product_tag-ilo","10":"product_tag-joy","11":"product_tag-keltainen","12":"product_tag-nuoruus","13":"product_tag-onnellisuus","14":"product_tag-orange","15":"product_tag-oranssi","16":"product_tag-punainen","17":"product_tag-punk","18":"product_tag-red","19":"product_tag-saippuakuplat","20":"product_tag-soap-bubbles","21":"product_tag-vihrea","22":"product_tag-yellow-fi","24":"first","25":"outofstock","26":"sold-individually","27":"taxable","28":"shipping-taxable","29":"product-type-simple","30":"entry","31":"content-bg","32":"loop-entry"},"_links":{"self":[{"href":"https:\/\/sarikettunenart.com\/index.php?rest_route=\/wp\/v2\/product\/1253","targetHints":{"allow":["GET"]}}],"collection":[{"href":"https:\/\/sarikettunenart.com\/index.php?rest_route=\/wp\/v2\/product"}],"about":[{"href":"https:\/\/sarikettunenart.com\/index.php?rest_route=\/wp\/v2\/types\/product"}],"replies":[{"embeddable":true,"href":"https:\/\/sarikettunenart.com\/index.php?rest_route=%2Fwp%2Fv2%2Fcomments&post=1253"}],"wp:featuredmedia":[{"embeddable":true,"href":"https:\/\/sarikettunenart.com\/index.php?rest_route=\/wp\/v2\/media\/1600"}],"wp:attachment":[{"href":"https:\/\/sarikettunenart.com\/index.php?rest_route=%2Fwp%2Fv2%2Fmedia&parent=1253"}],"wp:term":[{"taxonomy":"product_brand","embeddable":true,"href":"https:\/\/sarikettunenart.com\/index.php?rest_route=%2Fwp%2Fv2%2Fproduct_brand&post=1253"},{"taxonomy":"product_cat","embeddable":true,"href":"https:\/\/sarikettunenart.com\/index.php?rest_route=%2Fwp%2Fv2%2Fproduct_cat&post=1253"},{"taxonomy":"product_tag","embeddable":true,"href":"https:\/\/sarikettunenart.com\/index.php?rest_route=%2Fwp%2Fv2%2Fproduct_tag&post=1253"}],"curies":[{"name":"wp","href":"https:\/\/api.w.org\/{rel}","templated":true}]}}