{"id":1233,"date":"2023-01-11T10:12:53","date_gmt":"2023-01-11T10:12:53","guid":{"rendered":"http:\/\/34.88.79.200\/?post_type=product&#038;p=1233"},"modified":"2024-09-18T06:57:13","modified_gmt":"2024-09-18T06:57:13","slug":"uniikki-kudottu-taideteos-folk-sauna-spirit","status":"publish","type":"product","link":"https:\/\/sarikettunenart.com\/?product=uniikki-kudottu-taideteos-folk-sauna-spirit","title":{"rendered":"Uniikki kudottu taideteos: Folk Sauna Spirit"},"content":{"rendered":"<p><strong>Olen saunaintoilija. Saunon aina, kun siihen vain tulee mahdollisuus. <\/strong><strong>L\u00f6ylyn l\u00e4mp\u00f6 ja saunan h\u00e4myinen, harras tunnelma vetoavat.<\/strong><\/p>\n<p>T\u00e4m\u00e4 teos sai alkunsa Suomen saunap\u00e4\u00e4kaupungissa Tampereella, jossa vietin joulun 2019. Jouluaaton ja joulup\u00e4iv\u00e4n saunomiset Rauhaniemen<br \/>\nkansankylpyl\u00e4ss\u00e4 ja Kaupinojan saunassa olivat vaikuttavat el\u00e4mykset. Liityin viimeist\u00e4\u00e4n tuolloin saunaintoilijoihin. Syntyi ajatus teoksesta, joka<br \/>\nylist\u00e4isi saunomisen ihanuutta. My\u00f6hemmin teoksen tunnelmaa t\u00e4ydensi viel\u00e4 el\u00e4mys J\u00e4ms\u00e4n saunakyl\u00e4n savusaunoissa.<\/p>\n<p>Teoksen valmistamiseen on saatu rahoitusta Suomen Kulttuurirahaston P\u00e4ij\u00e4t-H\u00e4meen rahastolta.<\/p>\n","protected":false},"excerpt":{"rendered":"<p><strong>Teoksen nimi:<\/strong> Folk Sauna Spirit<\/p>\n<p><strong>Valmistumisvuosi:<\/strong> 2021<\/p>\n<p><strong>Koko:<\/strong> 99 cm x 215 cm<\/p>\n<p><strong>Materiaali:<\/strong> Sekalaiset langat<\/p>\n<p><strong>Tekniikka:<\/strong> Kankaankudonta<\/p>\n<p><strong>Ripustus:<\/strong> Teoksessa on puinen tanko teoksen yl\u00e4reunassa ja helmassa. Yl\u00e4reunan tangossa on silmukat ripustamista varten molemmissa p\u00e4iss\u00e4.<\/p>\n","protected":false},"featured_media":1562,"comment_status":"open","ping_status":"closed","template":"","meta":{"_kadence_starter_templates_imported_post":false,"_kad_post_transparent":"default","_kad_post_title":"","_kad_post_layout":"default","_kad_post_sidebar_id":"","_kad_post_content_style":"default","_kad_post_vertical_padding":"default","_kad_post_feature":"","_kad_post_feature_position":"","_kad_post_header":false,"_kad_post_footer":false,"_kad_post_classname":""},"product_brand":[],"product_cat":[489],"product_tag":[215,218,221,224,227,230,233],"class_list":{"0":"post-1233","1":"product","2":"type-product","3":"status-publish","4":"has-post-thumbnail","6":"product_cat-uniikit-fi","7":"product_tag-brown-fi","8":"product_tag-folk-fi","9":"product_tag-people-fi","10":"product_tag-sauna-fi","11":"product_tag-sauna-culture-fi","12":"product_tag-sauna-stove-fi","13":"product_tag-yellow-fi","15":"first","16":"instock","17":"sold-individually","18":"taxable","19":"shipping-taxable","20":"purchasable","21":"product-type-simple","22":"entry","23":"content-bg","24":"loop-entry"},"_links":{"self":[{"href":"https:\/\/sarikettunenart.com\/index.php?rest_route=\/wp\/v2\/product\/1233","targetHints":{"allow":["GET"]}}],"collection":[{"href":"https:\/\/sarikettunenart.com\/index.php?rest_route=\/wp\/v2\/product"}],"about":[{"href":"https:\/\/sarikettunenart.com\/index.php?rest_route=\/wp\/v2\/types\/product"}],"replies":[{"embeddable":true,"href":"https:\/\/sarikettunenart.com\/index.php?rest_route=%2Fwp%2Fv2%2Fcomments&post=1233"}],"wp:featuredmedia":[{"embeddable":true,"href":"https:\/\/sarikettunenart.com\/index.php?rest_route=\/wp\/v2\/media\/1562"}],"wp:attachment":[{"href":"https:\/\/sarikettunenart.com\/index.php?rest_route=%2Fwp%2Fv2%2Fmedia&parent=1233"}],"wp:term":[{"taxonomy":"product_brand","embeddable":true,"href":"https:\/\/sarikettunenart.com\/index.php?rest_route=%2Fwp%2Fv2%2Fproduct_brand&post=1233"},{"taxonomy":"product_cat","embeddable":true,"href":"https:\/\/sarikettunenart.com\/index.php?rest_route=%2Fwp%2Fv2%2Fproduct_cat&post=1233"},{"taxonomy":"product_tag","embeddable":true,"href":"https:\/\/sarikettunenart.com\/index.php?rest_route=%2Fwp%2Fv2%2Fproduct_tag&post=1233"}],"curies":[{"name":"wp","href":"https:\/\/api.w.org\/{rel}","templated":true}]}}