{"id":1049,"date":"2022-04-21T06:28:19","date_gmt":"2022-04-21T06:28:19","guid":{"rendered":"http:\/\/34.88.79.200\/?post_type=product&#038;p=1049"},"modified":"2024-09-18T07:01:32","modified_gmt":"2024-09-18T07:01:32","slug":"uniikki-kuvakudos-kasvatus","status":"publish","type":"product","link":"https:\/\/sarikettunenart.com\/?product=uniikki-kuvakudos-kasvatus","title":{"rendered":"Uniikki kuvakudos: Kasvatus"},"content":{"rendered":"<p><strong>Muistatko viel\u00e4<\/strong> kuinka piskuinen pajukko muuttui suureksi aarniomets\u00e4ksi ja kuinka talontakainen puropahanen inspiroi rakentelemaan lauttaa, jolla p\u00e4\u00e4sisi purjehtimaan aavalle merelle asti. T\u00e4ss\u00e4 teoksessa yhdistyv\u00e4t hyv\u00e4 opetus, huolenpito ja leikki.<\/p>\n","protected":false},"excerpt":{"rendered":"<p><strong>Teoksen nimi:<\/strong> Kasvatus<\/p>\n<p><strong>Valmistumisvuosi:<\/strong> 2014<\/p>\n<p><strong>Koko:<\/strong> 26 cm x 39 cm<\/p>\n<p><strong>Materiaali:<\/strong> Sekalaiset langat<\/p>\n<p><strong>Tekniikka:\u00a0<\/strong>Kuvakudos<\/p>\n<p><strong>Ripustus:<\/strong> Teos on pingotettu kiilapuiseen kehykseen ja ripustetaan tavallisen taulun tapaan.<\/p>\n","protected":false},"featured_media":1051,"comment_status":"open","ping_status":"closed","template":"","meta":{"_kadence_starter_templates_imported_post":false,"_kad_post_transparent":"default","_kad_post_title":"","_kad_post_layout":"default","_kad_post_sidebar_id":"","_kad_post_content_style":"default","_kad_post_vertical_padding":"default","_kad_post_feature":"","_kad_post_feature_position":"","_kad_post_header":false,"_kad_post_footer":false,"_kad_post_classname":""},"product_brand":[],"product_cat":[489],"product_tag":[],"class_list":{"0":"post-1049","1":"product","2":"type-product","3":"status-publish","4":"has-post-thumbnail","6":"product_cat-uniikit-fi","8":"first","9":"instock","10":"sold-individually","11":"taxable","12":"shipping-taxable","13":"purchasable","14":"product-type-simple","15":"entry","16":"content-bg","17":"loop-entry"},"_links":{"self":[{"href":"https:\/\/sarikettunenart.com\/index.php?rest_route=\/wp\/v2\/product\/1049","targetHints":{"allow":["GET"]}}],"collection":[{"href":"https:\/\/sarikettunenart.com\/index.php?rest_route=\/wp\/v2\/product"}],"about":[{"href":"https:\/\/sarikettunenart.com\/index.php?rest_route=\/wp\/v2\/types\/product"}],"replies":[{"embeddable":true,"href":"https:\/\/sarikettunenart.com\/index.php?rest_route=%2Fwp%2Fv2%2Fcomments&post=1049"}],"wp:featuredmedia":[{"embeddable":true,"href":"https:\/\/sarikettunenart.com\/index.php?rest_route=\/wp\/v2\/media\/1051"}],"wp:attachment":[{"href":"https:\/\/sarikettunenart.com\/index.php?rest_route=%2Fwp%2Fv2%2Fmedia&parent=1049"}],"wp:term":[{"taxonomy":"product_brand","embeddable":true,"href":"https:\/\/sarikettunenart.com\/index.php?rest_route=%2Fwp%2Fv2%2Fproduct_brand&post=1049"},{"taxonomy":"product_cat","embeddable":true,"href":"https:\/\/sarikettunenart.com\/index.php?rest_route=%2Fwp%2Fv2%2Fproduct_cat&post=1049"},{"taxonomy":"product_tag","embeddable":true,"href":"https:\/\/sarikettunenart.com\/index.php?rest_route=%2Fwp%2Fv2%2Fproduct_tag&post=1049"}],"curies":[{"name":"wp","href":"https:\/\/api.w.org\/{rel}","templated":true}]}}