{"id":40,"date":"2021-03-26T09:26:23","date_gmt":"2021-03-26T09:26:23","guid":{"rendered":"https:\/\/elb.bro.mybluehost.me\/?page_id=40"},"modified":"2025-11-17T10:31:39","modified_gmt":"2025-11-17T10:31:39","slug":"tilaustyot","status":"publish","type":"page","link":"https:\/\/sarikettunenart.com\/?page_id=40","title":{"rendered":"TILAUSTY\u00d6T"},"content":{"rendered":"\n<div class=\"wp-block-media-text is-stacked-on-mobile\"><figure class=\"wp-block-media-text__media\"><img loading=\"lazy\" decoding=\"async\" width=\"689\" height=\"1024\" src=\"https:\/\/sarikettunenart.com\/wp-content\/uploads\/2025\/11\/invaaasio_interior-689x1024.jpg\" alt=\"\" class=\"wp-image-2710 size-full\" srcset=\"https:\/\/sarikettunenart.com\/wp-content\/uploads\/2025\/11\/invaaasio_interior-689x1024.jpg 689w, https:\/\/sarikettunenart.com\/wp-content\/uploads\/2025\/11\/invaaasio_interior-202x300.jpg 202w, https:\/\/sarikettunenart.com\/wp-content\/uploads\/2025\/11\/invaaasio_interior-768x1142.jpg 768w, https:\/\/sarikettunenart.com\/wp-content\/uploads\/2025\/11\/invaaasio_interior-1033x1536.jpg 1033w, https:\/\/sarikettunenart.com\/wp-content\/uploads\/2025\/11\/invaaasio_interior.jpg 1080w\" sizes=\"auto, (max-width: 689px) 100vw, 689px\" \/><\/figure><div class=\"wp-block-media-text__content\">\n<h2 class=\"wp-block-heading\">Tilausty\u00f6t \u2013 juuri sinun tilaasi suunniteltuna<\/h2>\n\n\n\n<p>Etk\u00f6 l\u00f6yd\u00e4 valmiiden teosten joukosta juuri oikeaa v\u00e4ri\u00e4, kokoa tai tunnelmaa?<br>Teen mielell\u00e4ni tilaust\u00f6it\u00e4, jotka suunnitellaan alusta alkaen sinun toiveidesi ja tilasi ehdoilla.<\/p>\n\n\n\n<p>Suunnitteluprosessi alkaa keskustelusta: k\u00e4yd\u00e4\u00e4n yhdess\u00e4 l\u00e4pi tilan k\u00e4ytt\u00f6tarkoitus, v\u00e4rit, materiaalit ja toiveet ty\u00f6n tyylist\u00e4. Halutessasi voimme hy\u00f6dynt\u00e4\u00e4 my\u00f6s valokuvia tai paikan p\u00e4\u00e4ll\u00e4 tehty\u00e4 arviota, jotta lopputulos istuu t\u00e4ydellisesti ymp\u00e4rist\u00f6\u00f6ns\u00e4.<\/p>\n\n\n\n<p>K\u00e4yt\u00e4n osaamistani ja kokemustani auttaakseni sinua l\u00f6yt\u00e4m\u00e4\u00e4n toimivan kokonaisuuden \u2013 oli haaveenasi sitten selke\u00e4linjainen moderni taidetekstiili, perinteist\u00e4 henke\u00e4 kunnioittava ryijy tai muu uniikki taideteos. Jokainen tilausty\u00f6 valmistetaan huolellisesti ja k\u00e4sity\u00f6n\u00e4, laadukkaista materiaaleista.<\/p>\n\n\n\n<p class=\"has-medium-font-size\"><strong>Haluatko jotain, mik\u00e4 on vain sinulle?<\/strong><br>Ota yhteytt\u00e4, niin suunnitellaan yhdess\u00e4 teos, joka tekee tilasta omann\u00e4k\u00f6isesi.<\/p>\n\n\n\n<p class=\"has-medium-font-size\"><a href=\"mailto:info@sarikettunenart.com\">info@sarikettunenart.com<\/a><\/p>\n\n\n\n<p class=\"has-medium-font-size\"><a href=\"tel:+358408235532\">+358 40 823 5532<\/a><\/p>\n<\/div><\/div>\n","protected":false},"excerpt":{"rendered":"<p>Tilausty\u00f6t \u2013 juuri sinun tilaasi suunniteltuna Etk\u00f6 l\u00f6yd\u00e4 valmiiden teosten joukosta juuri oikeaa v\u00e4ri\u00e4, kokoa tai tunnelmaa?Teen mielell\u00e4ni tilaust\u00f6it\u00e4, jotka suunnitellaan alusta alkaen sinun toiveidesi ja tilasi ehdoilla. Suunnitteluprosessi alkaa keskustelusta: k\u00e4yd\u00e4\u00e4n yhdess\u00e4 l\u00e4pi tilan k\u00e4ytt\u00f6tarkoitus, v\u00e4rit, materiaalit ja toiveet ty\u00f6n tyylist\u00e4. Halutessasi voimme hy\u00f6dynt\u00e4\u00e4 my\u00f6s valokuvia tai paikan p\u00e4\u00e4ll\u00e4 tehty\u00e4 arviota, jotta lopputulos istuu&#8230;<\/p>\n","protected":false},"author":1,"featured_media":0,"parent":0,"menu_order":0,"comment_status":"closed","ping_status":"closed","template":"","meta":{"_kadence_starter_templates_imported_post":false,"_kad_post_transparent":"","_kad_post_title":"","_kad_post_layout":"","_kad_post_sidebar_id":"","_kad_post_content_style":"","_kad_post_vertical_padding":"","_kad_post_feature":"","_kad_post_feature_position":"","_kad_post_header":false,"_kad_post_footer":false,"_kad_post_classname":"","footnotes":""},"class_list":["post-40","page","type-page","status-publish","hentry"],"_links":{"self":[{"href":"https:\/\/sarikettunenart.com\/index.php?rest_route=\/wp\/v2\/pages\/40","targetHints":{"allow":["GET"]}}],"collection":[{"href":"https:\/\/sarikettunenart.com\/index.php?rest_route=\/wp\/v2\/pages"}],"about":[{"href":"https:\/\/sarikettunenart.com\/index.php?rest_route=\/wp\/v2\/types\/page"}],"author":[{"embeddable":true,"href":"https:\/\/sarikettunenart.com\/index.php?rest_route=\/wp\/v2\/users\/1"}],"replies":[{"embeddable":true,"href":"https:\/\/sarikettunenart.com\/index.php?rest_route=%2Fwp%2Fv2%2Fcomments&post=40"}],"version-history":[{"count":12,"href":"https:\/\/sarikettunenart.com\/index.php?rest_route=\/wp\/v2\/pages\/40\/revisions"}],"predecessor-version":[{"id":2714,"href":"https:\/\/sarikettunenart.com\/index.php?rest_route=\/wp\/v2\/pages\/40\/revisions\/2714"}],"wp:attachment":[{"href":"https:\/\/sarikettunenart.com\/index.php?rest_route=%2Fwp%2Fv2%2Fmedia&parent=40"}],"curies":[{"name":"wp","href":"https:\/\/api.w.org\/{rel}","templated":true}]}}