{"id":356,"date":"2021-04-01T07:07:39","date_gmt":"2021-04-01T07:07:39","guid":{"rendered":"https:\/\/elb.bro.mybluehost.me\/?page_id=356"},"modified":"2025-01-02T19:31:57","modified_gmt":"2025-01-02T19:31:57","slug":"taiteestani-artist-statement","status":"publish","type":"page","link":"https:\/\/sarikettunenart.com\/?page_id=356","title":{"rendered":"INFO"},"content":{"rendered":"\n<div class=\"wp-block-columns is-layout-flex wp-container-core-columns-is-layout-9d6595d7 wp-block-columns-is-layout-flex\">\n<div class=\"wp-block-column is-layout-flow wp-block-column-is-layout-flow\" style=\"flex-basis:33.33%\">\n<div class=\"wp-block-columns is-layout-flex wp-container-core-columns-is-layout-9d6595d7 wp-block-columns-is-layout-flex\">\n<div class=\"wp-block-column is-layout-flow wp-block-column-is-layout-flow\" style=\"flex-basis:20%\"><\/div>\n\n\n\n<div class=\"wp-block-column is-layout-flow wp-block-column-is-layout-flow\" style=\"flex-basis:80%\"><div class=\"wp-block-image is-style-rounded\">\n<figure class=\"aligncenter size-large\" id=\"block-8e269c59-5857-490b-aec9-d5a8df7b778b\"><img loading=\"lazy\" decoding=\"async\" width=\"1024\" height=\"1024\" src=\"https:\/\/sarikettunenart.com\/wp-content\/uploads\/2025\/01\/face2025-1024x1024.jpg\" alt=\"\" class=\"wp-image-2256\" srcset=\"https:\/\/sarikettunenart.com\/wp-content\/uploads\/2025\/01\/face2025-1024x1024.jpg 1024w, https:\/\/sarikettunenart.com\/wp-content\/uploads\/2025\/01\/face2025-300x300.jpg 300w, https:\/\/sarikettunenart.com\/wp-content\/uploads\/2025\/01\/face2025-150x150.jpg 150w, https:\/\/sarikettunenart.com\/wp-content\/uploads\/2025\/01\/face2025-768x769.jpg 768w, https:\/\/sarikettunenart.com\/wp-content\/uploads\/2025\/01\/face2025-1080x1081.jpg 1080w, https:\/\/sarikettunenart.com\/wp-content\/uploads\/2025\/01\/face2025-100x100.jpg 100w, https:\/\/sarikettunenart.com\/wp-content\/uploads\/2025\/01\/face2025.jpg 1523w\" sizes=\"auto, (max-width: 1024px) 100vw, 1024px\" \/><figcaption class=\"wp-element-caption\">Sari Kettunen<\/figcaption><\/figure>\n<\/div>\n\n\n<div class=\"wp-block-columns is-layout-flex wp-container-core-columns-is-layout-9d6595d7 wp-block-columns-is-layout-flex\">\n<div class=\"wp-block-column is-layout-flow wp-block-column-is-layout-flow\">\n<p class=\"has-text-align-center\" id=\"tw-target-text\" style=\"font-size:16px\">Hei! Olen tekstiilitaiteilija Sari Kettunen ja tahdon auttaa sinua luomaan viihtyisi\u00e4 koteja ja toimitiloja vastuullisesti toteutetun taiteen avulla.<\/p>\n\n\n\n<p class=\"has-text-align-center\" id=\"tw-target-text\" style=\"font-size:16px\">Minua kiehtovat vanhat tarinat ja kansantaide sen eri muodoissa. Niist\u00e4 v\u00e4littyy vuosituhansien takaa asioita ihmisen\u00e4 olemisesta ja kulttuurista. Eniten kuitenkin saan inspiraatiota upeasta luonnolta ymp\u00e4rill\u00e4mme. Se on pohjaton luovuuden l\u00e4hde. Retkeilen mieheni kanssa ymp\u00e4ri pohjolaa ja Eurooppaa. Joka puolella voin n\u00e4en upeita luonnonmaisemia, jotka vaikuttavat minuun syv\u00e4sti. N\u00e4ist\u00e4 aineksista pyrin luomaan teoksia, jotka puhuttelevat my\u00f6s sinua.<\/p>\n\n\n\n<p class=\"has-text-align-center\" id=\"tw-target-text\" style=\"font-size:16px\">Rakastan k\u00e4sill\u00e4 tekemist\u00e4. Nuorempana \u201dker\u00e4ilin\u201d k\u00e4sity\u00f6tekniikoita tarttumalla aina niin uusiin kuin perinteisiinkin ty\u00f6v\u00e4lineisiin ja materiaaleihin kokeillen niiden rajoja. T\u00e4ll\u00e4 hetkell\u00e4 olen keskittynyt kankaankudontaan, jota h\u00f6yst\u00e4n kirjonnalla. K\u00e4yt\u00e4n mielell\u00e4ni kokemustani ja asiantuntemusta hy\u00f6dyksesi.<\/p>\n\n\n\n<p class=\"has-text-align-center\" style=\"font-size:16px\">Ty\u00f6skentelytapani on innovatiivinen ja kokeileva, mutta my\u00f6s t\u00e4ydellisyyteen pyrkiv\u00e4 ja pikkutarkka. Haluan jokaisen ty\u00f6n edetess\u00e4 oppia jotakin uutta. Nautin kankaankudonnan teknisest\u00e4 puolesta ja tekniikan aiheuttamista rajoitteista, jotka haluan aina voittaa. Tahdon jokaisen teokseni olevan sis\u00e4ll\u00f6llisesti puhutteleva ja taiturimaisesti toteutettu.<\/p>\n<\/div>\n<\/div>\n<\/div>\n<\/div>\n<\/div>\n\n\n\n<div class=\"wp-block-column is-layout-flow wp-block-column-is-layout-flow\" style=\"flex-basis:66.66%\">\n<div class=\"wp-block-columns is-layout-flex wp-container-core-columns-is-layout-9d6595d7 wp-block-columns-is-layout-flex\">\n<div class=\"wp-block-column is-layout-flow wp-block-column-is-layout-flow\" style=\"flex-basis:10%\"><\/div>\n\n\n\n<div class=\"wp-block-column is-layout-flow wp-block-column-is-layout-flow\" style=\"flex-basis:80%\">\n<figure class=\"wp-block-image size-full\"><img loading=\"lazy\" decoding=\"async\" width=\"799\" height=\"800\" src=\"http:\/\/34.88.79.200\/wp-content\/uploads\/2023\/06\/weaving_art1.jpg\" alt=\"Sari Kettunen istuu kangaspuiden \u00e4\u00e4ress\u00e4 kutomassa.\" class=\"wp-image-1719\" srcset=\"https:\/\/sarikettunenart.com\/wp-content\/uploads\/2023\/06\/weaving_art1.jpg 799w, https:\/\/sarikettunenart.com\/wp-content\/uploads\/2023\/06\/weaving_art1-300x300.jpg 300w, https:\/\/sarikettunenart.com\/wp-content\/uploads\/2023\/06\/weaving_art1-150x150.jpg 150w, https:\/\/sarikettunenart.com\/wp-content\/uploads\/2023\/06\/weaving_art1-768x769.jpg 768w, https:\/\/sarikettunenart.com\/wp-content\/uploads\/2023\/06\/weaving_art1-100x100.jpg 100w\" sizes=\"auto, (max-width: 799px) 100vw, 799px\" \/><figcaption class=\"wp-element-caption\">Tekstiilitaiteilija Sari Kettunen tekee taidetta kangaspuilla kutoen ja kirjoen. H\u00e4n ty\u00f6skentelee Lahdessa.<\/figcaption><\/figure>\n\n\n<style>.wp-block-kadence-advancedheading.kt-adv-heading356_da723e-e8, .wp-block-kadence-advancedheading.kt-adv-heading356_da723e-e8[data-kb-block=\"kb-adv-heading356_da723e-e8\"]{font-size:var(--global-kb-font-size-md, 1.25rem);font-style:normal;}.wp-block-kadence-advancedheading.kt-adv-heading356_da723e-e8 mark.kt-highlight, .wp-block-kadence-advancedheading.kt-adv-heading356_da723e-e8[data-kb-block=\"kb-adv-heading356_da723e-e8\"] mark.kt-highlight{font-style:normal;color:#f76a0c;-webkit-box-decoration-break:clone;box-decoration-break:clone;padding-top:0px;padding-right:0px;padding-bottom:0px;padding-left:0px;}.wp-block-kadence-advancedheading.kt-adv-heading356_da723e-e8 img.kb-inline-image, .wp-block-kadence-advancedheading.kt-adv-heading356_da723e-e8[data-kb-block=\"kb-adv-heading356_da723e-e8\"] img.kb-inline-image{width:150px;vertical-align:baseline;}<\/style>\n<h2 class=\"kt-adv-heading356_da723e-e8 wp-block-kadence-advancedheading\" data-kb-block=\"kb-adv-heading356_da723e-e8\">KIEHTOVIA MIELENMAISEMIA<\/h2>\n\n\n\n<p class=\"has-medium-font-size\">Kautta aikojen ovat sein\u00e4lle ripustetut taidetekstiilit luoneet hyvinvointia tiloja k\u00e4ytt\u00e4ville ihmisille. Ne ovat, paitsi torjuneet kolkkoutta ja kaikuja, my\u00f6s v\u00e4litt\u00e4neet kiehtovia tarinoita ihmiselt\u00e4 ihmiselle. TAIDE + AKUSTIIKKA -sarjan k\u00e4sin kangaspuilla kudotut teokset liittyv\u00e4t t\u00e4h\u00e4n jatkumoon.<\/p>\n\n\n<style>.wp-block-kadence-advancedheading.kt-adv-heading356_7e519b-6c, .wp-block-kadence-advancedheading.kt-adv-heading356_7e519b-6c[data-kb-block=\"kb-adv-heading356_7e519b-6c\"]{font-size:var(--global-kb-font-size-md, 1.25rem);font-style:normal;}.wp-block-kadence-advancedheading.kt-adv-heading356_7e519b-6c mark.kt-highlight, .wp-block-kadence-advancedheading.kt-adv-heading356_7e519b-6c[data-kb-block=\"kb-adv-heading356_7e519b-6c\"] mark.kt-highlight{font-style:normal;color:#f76a0c;-webkit-box-decoration-break:clone;box-decoration-break:clone;padding-top:0px;padding-right:0px;padding-bottom:0px;padding-left:0px;}.wp-block-kadence-advancedheading.kt-adv-heading356_7e519b-6c img.kb-inline-image, .wp-block-kadence-advancedheading.kt-adv-heading356_7e519b-6c[data-kb-block=\"kb-adv-heading356_7e519b-6c\"] img.kb-inline-image{width:150px;vertical-align:baseline;}<\/style>\n<h2 class=\"kt-adv-heading356_7e519b-6c wp-block-kadence-advancedheading\" data-kb-block=\"kb-adv-heading356_7e519b-6c\">PAREMPAA AKUSTIIKKA<\/h2>\n\n\n\n<p class=\"has-medium-font-size\">Tekstiileill\u00e4 on tunnetusti kyky parantaa akustiikkaa. Taide+akustiikka -sarjan teosten valmistuksessa t\u00e4t\u00e4 kyky\u00e4 on entisest\u00e4\u00e4n tehostettu lis\u00e4\u00e4m\u00e4ll\u00e4 teosten sis\u00e4\u00e4n akustiikkaelementti, joka valmistetaan lampaanvillaisesta neulahuovasta laskostamalla. Suuntaa-antavassa testauksessa sarjan teokset ovat saaneet absobtioluokan B (Turun AMK:n akustiikkalaboratorio).<\/p>\n\n\n<style>.wp-block-kadence-advancedheading.kt-adv-heading356_948022-a8, .wp-block-kadence-advancedheading.kt-adv-heading356_948022-a8[data-kb-block=\"kb-adv-heading356_948022-a8\"]{font-size:var(--global-kb-font-size-md, 1.25rem);font-style:normal;}.wp-block-kadence-advancedheading.kt-adv-heading356_948022-a8 mark.kt-highlight, .wp-block-kadence-advancedheading.kt-adv-heading356_948022-a8[data-kb-block=\"kb-adv-heading356_948022-a8\"] mark.kt-highlight{font-style:normal;color:#f76a0c;-webkit-box-decoration-break:clone;box-decoration-break:clone;padding-top:0px;padding-right:0px;padding-bottom:0px;padding-left:0px;}.wp-block-kadence-advancedheading.kt-adv-heading356_948022-a8 img.kb-inline-image, .wp-block-kadence-advancedheading.kt-adv-heading356_948022-a8[data-kb-block=\"kb-adv-heading356_948022-a8\"] img.kb-inline-image{width:150px;vertical-align:baseline;}<\/style>\n<h2 class=\"kt-adv-heading356_948022-a8 wp-block-kadence-advancedheading\" data-kb-block=\"kb-adv-heading356_948022-a8\">LAADUKKAAT MATERIAALIT:<\/h2>\n\n\n\n<p class=\"has-text-align-left has-medium-font-size\">Hyv\u00e4 taide syntyy laadukkaista materiaaleista. Laatu merkitsee minulle mm. sit\u00e4, ett\u00e4 materiaalit ovat teknisesti ja visuaalisesti teoksiini ja valitsemiini tekniikoihin kaikin puolin sopivia ja niit\u00e4 on sopivasti saatavilla. Laatu merkitsee minulle my\u00f6s sit\u00e4, ett\u00e4 materiaalit on valmistettu eettisesti ja ekologisesti kest\u00e4v\u00e4ll\u00e4 tavalla. Muovipohjaisia tuotteita k\u00e4yt\u00e4n mahdollisimman v\u00e4h\u00e4n, mutta joissakin tilanteissa niiden k\u00e4ytt\u00e4minen voi olla perusteltua.&nbsp;<\/p>\n<\/div>\n\n\n\n<div class=\"wp-block-column is-layout-flow wp-block-column-is-layout-flow\" style=\"flex-basis:10%\"><\/div>\n<\/div>\n<\/div>\n<\/div>\n\n\n\n<p class=\"has-text-align-center has-medium-font-size\"><\/p>\n","protected":false},"excerpt":{"rendered":"<p>Hei! Olen tekstiilitaiteilija Sari Kettunen ja tahdon auttaa sinua luomaan viihtyisi\u00e4 koteja ja toimitiloja vastuullisesti toteutetun taiteen avulla. Minua kiehtovat vanhat tarinat ja kansantaide sen eri muodoissa. Niist\u00e4 v\u00e4littyy vuosituhansien takaa asioita ihmisen\u00e4 olemisesta ja kulttuurista. Eniten kuitenkin saan inspiraatiota upeasta luonnolta ymp\u00e4rill\u00e4mme. Se on pohjaton luovuuden l\u00e4hde. Retkeilen mieheni kanssa ymp\u00e4ri pohjolaa ja Eurooppaa&#8230;.<\/p>\n","protected":false},"author":1,"featured_media":0,"parent":0,"menu_order":0,"comment_status":"closed","ping_status":"closed","template":"","meta":{"_kadence_starter_templates_imported_post":false,"_kad_post_transparent":"","_kad_post_title":"","_kad_post_layout":"","_kad_post_sidebar_id":"","_kad_post_content_style":"","_kad_post_vertical_padding":"","_kad_post_feature":"","_kad_post_feature_position":"","_kad_post_header":false,"_kad_post_footer":false,"_kad_post_classname":"","footnotes":""},"class_list":["post-356","page","type-page","status-publish","hentry"],"_links":{"self":[{"href":"https:\/\/sarikettunenart.com\/index.php?rest_route=\/wp\/v2\/pages\/356","targetHints":{"allow":["GET"]}}],"collection":[{"href":"https:\/\/sarikettunenart.com\/index.php?rest_route=\/wp\/v2\/pages"}],"about":[{"href":"https:\/\/sarikettunenart.com\/index.php?rest_route=\/wp\/v2\/types\/page"}],"author":[{"embeddable":true,"href":"https:\/\/sarikettunenart.com\/index.php?rest_route=\/wp\/v2\/users\/1"}],"replies":[{"embeddable":true,"href":"https:\/\/sarikettunenart.com\/index.php?rest_route=%2Fwp%2Fv2%2Fcomments&post=356"}],"version-history":[{"count":15,"href":"https:\/\/sarikettunenart.com\/index.php?rest_route=\/wp\/v2\/pages\/356\/revisions"}],"predecessor-version":[{"id":2257,"href":"https:\/\/sarikettunenart.com\/index.php?rest_route=\/wp\/v2\/pages\/356\/revisions\/2257"}],"wp:attachment":[{"href":"https:\/\/sarikettunenart.com\/index.php?rest_route=%2Fwp%2Fv2%2Fmedia&parent=356"}],"curies":[{"name":"wp","href":"https:\/\/api.w.org\/{rel}","templated":true}]}}