{"id":2890,"date":"2026-05-04T07:33:22","date_gmt":"2026-05-04T07:33:22","guid":{"rendered":"https:\/\/sarikettunenart.com\/?page_id=2890"},"modified":"2026-05-04T07:46:20","modified_gmt":"2026-05-04T07:46:20","slug":"galleria","status":"publish","type":"page","link":"https:\/\/sarikettunenart.com\/?page_id=2890","title":{"rendered":"GALLERIA"},"content":{"rendered":"\n<div class=\"wp-block-columns is-layout-flex wp-container-core-columns-is-layout-9d6595d7 wp-block-columns-is-layout-flex\">\n<div class=\"wp-block-column is-layout-flow wp-block-column-is-layout-flow\" style=\"flex-basis:10%\"><\/div>\n\n\n\n<div class=\"wp-block-column is-layout-flow wp-block-column-is-layout-flow\" style=\"flex-basis:80%\">\n<div class=\"wp-block-group\"><div class=\"wp-block-group__inner-container is-layout-constrained wp-block-group-is-layout-constrained\">\n<h3 class=\"wp-block-heading has-text-align-center has--font-size\">Tervetuloa Taide + Akustiikka -sarjan \u00e4\u00e4relle \u2013 teoksiin, joissa v\u00e4rit, pinta ja hiljaisuus rakentavat oman tilansa.<\/h3>\n\n\n\n<p class=\"has-text-align-center\">Voit selata teoksia rauhassa ja palata niihin uudelleen. Teokset ovat saatavilla <strong><a href=\"https:\/\/www.taiko.art\/sari-kettunen\">Taiko.art<\/a><\/strong>-verkkokaupassa sek\u00e4 Lahden taidelainaamossa. Mik\u00e4li jokin teos puhuttelee tai suunnittelet tilausty\u00f6t\u00e4, kuulen siit\u00e4 mielell\u00e4ni.<\/p>\n<\/div><\/div>\n\n\n\n<hr class=\"wp-block-separator has-alpha-channel-opacity is-style-wide\"\/>\n<\/div>\n\n\n\n<div class=\"wp-block-column is-layout-flow wp-block-column-is-layout-flow\" style=\"flex-basis:10%\"><\/div>\n<\/div>\n\n\n<style>.kb-posts-id-2890_662166-0c .entry.loop-entry .entry-header .entry-title{font-size:var(--global-kb-font-size-md, 1.25rem);}.kb-posts-id-2890_662166-0c .kb-post-list-item{display:grid;}<\/style><ul class=\"wp-block-kadence-posts kb-posts kadence-posts-list kb-posts-id-2890_662166-0c content-wrap grid-cols kb-posts-style-boxed grid-sm-col-2 grid-lg-col-3 item-image-style-above\"><li class=\"kb-post-list-item\">\n\t<article class=\"entry content-bg loop-entry post-2494 post type-post status-publish format-standard has-post-thumbnail hentry category-uncategorized category-uniikki-taide-akustiikka\">\n\t\t\t\t<a aria-hidden=\"true\" tabindex=\"-1\" role=\"presentation\" class=\"post-thumbnail kadence-thumbnail-ratio-1-1\" href=\"https:\/\/sarikettunenart.com\/?p=2494\" aria-label=\"Prinsessa ja kadonnut pallo\">\n\t\t\t<div class=\"post-thumbnail-inner\">\n\t\t\t\t<img loading=\"lazy\" decoding=\"async\" width=\"768\" height=\"768\" src=\"https:\/\/sarikettunenart.com\/wp-content\/uploads\/2025\/10\/Prinsessa_artikkelikuva-1-768x768.jpg\" class=\"attachment-medium_large size-medium_large wp-post-image\" alt=\"Prinsessa ja kadonnut pallo\" srcset=\"https:\/\/sarikettunenart.com\/wp-content\/uploads\/2025\/10\/Prinsessa_artikkelikuva-1-768x768.jpg 768w, https:\/\/sarikettunenart.com\/wp-content\/uploads\/2025\/10\/Prinsessa_artikkelikuva-1-300x300.jpg 300w, https:\/\/sarikettunenart.com\/wp-content\/uploads\/2025\/10\/Prinsessa_artikkelikuva-1-1024x1024.jpg 1024w, https:\/\/sarikettunenart.com\/wp-content\/uploads\/2025\/10\/Prinsessa_artikkelikuva-1-150x150.jpg 150w, https:\/\/sarikettunenart.com\/wp-content\/uploads\/2025\/10\/Prinsessa_artikkelikuva-1-1536x1536.jpg 1536w, https:\/\/sarikettunenart.com\/wp-content\/uploads\/2025\/10\/Prinsessa_artikkelikuva-1-2048x2048.jpg 2048w, https:\/\/sarikettunenart.com\/wp-content\/uploads\/2025\/10\/Prinsessa_artikkelikuva-1-1080x1080.jpg 1080w, https:\/\/sarikettunenart.com\/wp-content\/uploads\/2025\/10\/Prinsessa_artikkelikuva-1-100x100.jpg 100w\" sizes=\"auto, (max-width: 768px) 100vw, 768px\" \/>\t\t\t<\/div>\n\t\t<\/a><!-- .post-thumbnail -->\n\t\t\t\t<div class=\"entry-content-wrap\">\n\t\t\t<header class=\"entry-header\">\n\t<h2 class=\"entry-title\"><a href=\"https:\/\/sarikettunenart.com\/?p=2494\" rel=\"bookmark\">Prinsessa ja kadonnut pallo<\/a><\/h2><\/header><!-- .entry-header -->\n<footer class=\"entry-footer\">\n\t<\/footer><!-- .entry-footer -->\t\t<\/div>\n\t<\/article>\n<\/li>\n<li class=\"kb-post-list-item\">\n\t<article class=\"entry content-bg loop-entry post-2473 post type-post status-publish format-standard has-post-thumbnail hentry category-uncategorized category-uniikki-taide-akustiikka\">\n\t\t\t\t<a aria-hidden=\"true\" tabindex=\"-1\" role=\"presentation\" class=\"post-thumbnail kadence-thumbnail-ratio-1-1\" href=\"https:\/\/sarikettunenart.com\/?p=2473\" aria-label=\"Unenalainen\">\n\t\t\t<div class=\"post-thumbnail-inner\">\n\t\t\t\t<img loading=\"lazy\" decoding=\"async\" width=\"768\" height=\"768\" src=\"https:\/\/sarikettunenart.com\/wp-content\/uploads\/2025\/10\/Unenalainen_artikkelikuva-1-768x768.jpg\" class=\"attachment-medium_large size-medium_large wp-post-image\" alt=\"Unenalainen\" srcset=\"https:\/\/sarikettunenart.com\/wp-content\/uploads\/2025\/10\/Unenalainen_artikkelikuva-1-768x768.jpg 768w, https:\/\/sarikettunenart.com\/wp-content\/uploads\/2025\/10\/Unenalainen_artikkelikuva-1-300x300.jpg 300w, https:\/\/sarikettunenart.com\/wp-content\/uploads\/2025\/10\/Unenalainen_artikkelikuva-1-1024x1024.jpg 1024w, https:\/\/sarikettunenart.com\/wp-content\/uploads\/2025\/10\/Unenalainen_artikkelikuva-1-150x150.jpg 150w, https:\/\/sarikettunenart.com\/wp-content\/uploads\/2025\/10\/Unenalainen_artikkelikuva-1-1536x1536.jpg 1536w, https:\/\/sarikettunenart.com\/wp-content\/uploads\/2025\/10\/Unenalainen_artikkelikuva-1-2048x2048.jpg 2048w, https:\/\/sarikettunenart.com\/wp-content\/uploads\/2025\/10\/Unenalainen_artikkelikuva-1-1080x1080.jpg 1080w, https:\/\/sarikettunenart.com\/wp-content\/uploads\/2025\/10\/Unenalainen_artikkelikuva-1-100x100.jpg 100w\" sizes=\"auto, (max-width: 768px) 100vw, 768px\" \/>\t\t\t<\/div>\n\t\t<\/a><!-- .post-thumbnail -->\n\t\t\t\t<div class=\"entry-content-wrap\">\n\t\t\t<header class=\"entry-header\">\n\t<h2 class=\"entry-title\"><a href=\"https:\/\/sarikettunenart.com\/?p=2473\" rel=\"bookmark\">Unenalainen<\/a><\/h2><\/header><!-- .entry-header -->\n<footer class=\"entry-footer\">\n\t<\/footer><!-- .entry-footer -->\t\t<\/div>\n\t<\/article>\n<\/li>\n<li class=\"kb-post-list-item\">\n\t<article class=\"entry content-bg loop-entry post-2439 post type-post status-publish format-standard has-post-thumbnail hentry category-uncategorized category-uniikki-taide-akustiikka\">\n\t\t\t\t<a aria-hidden=\"true\" tabindex=\"-1\" role=\"presentation\" class=\"post-thumbnail kadence-thumbnail-ratio-1-1\" href=\"https:\/\/sarikettunenart.com\/?p=2439\" aria-label=\"Navigointia kohinassa\">\n\t\t\t<div class=\"post-thumbnail-inner\">\n\t\t\t\t<img loading=\"lazy\" decoding=\"async\" width=\"768\" height=\"768\" src=\"https:\/\/sarikettunenart.com\/wp-content\/uploads\/2025\/10\/Kasittaja2_artikkelikuval-1-768x768.jpg\" class=\"attachment-medium_large size-medium_large wp-post-image\" alt=\"Navigointia kohinassa\" srcset=\"https:\/\/sarikettunenart.com\/wp-content\/uploads\/2025\/10\/Kasittaja2_artikkelikuval-1-768x768.jpg 768w, https:\/\/sarikettunenart.com\/wp-content\/uploads\/2025\/10\/Kasittaja2_artikkelikuval-1-300x300.jpg 300w, https:\/\/sarikettunenart.com\/wp-content\/uploads\/2025\/10\/Kasittaja2_artikkelikuval-1-1024x1024.jpg 1024w, https:\/\/sarikettunenart.com\/wp-content\/uploads\/2025\/10\/Kasittaja2_artikkelikuval-1-150x150.jpg 150w, https:\/\/sarikettunenart.com\/wp-content\/uploads\/2025\/10\/Kasittaja2_artikkelikuval-1-1536x1536.jpg 1536w, https:\/\/sarikettunenart.com\/wp-content\/uploads\/2025\/10\/Kasittaja2_artikkelikuval-1-1080x1080.jpg 1080w, https:\/\/sarikettunenart.com\/wp-content\/uploads\/2025\/10\/Kasittaja2_artikkelikuval-1-100x100.jpg 100w, https:\/\/sarikettunenart.com\/wp-content\/uploads\/2025\/10\/Kasittaja2_artikkelikuval-1.jpg 1920w\" sizes=\"auto, (max-width: 768px) 100vw, 768px\" \/>\t\t\t<\/div>\n\t\t<\/a><!-- .post-thumbnail -->\n\t\t\t\t<div class=\"entry-content-wrap\">\n\t\t\t<header class=\"entry-header\">\n\t<h2 class=\"entry-title\"><a href=\"https:\/\/sarikettunenart.com\/?p=2439\" rel=\"bookmark\">Navigointia kohinassa<\/a><\/h2><\/header><!-- .entry-header -->\n<footer class=\"entry-footer\">\n\t<\/footer><!-- .entry-footer -->\t\t<\/div>\n\t<\/article>\n<\/li>\n<li class=\"kb-post-list-item\">\n\t<article class=\"entry content-bg loop-entry post-2434 post type-post status-publish format-standard has-post-thumbnail hentry category-uncategorized category-uniikki-taide-akustiikka\">\n\t\t\t\t<a aria-hidden=\"true\" tabindex=\"-1\" role=\"presentation\" class=\"post-thumbnail kadence-thumbnail-ratio-1-1\" href=\"https:\/\/sarikettunenart.com\/?p=2434\" aria-label=\"Henkil\u00f6kemiat\">\n\t\t\t<div class=\"post-thumbnail-inner\">\n\t\t\t\t<img loading=\"lazy\" decoding=\"async\" width=\"768\" height=\"768\" src=\"https:\/\/sarikettunenart.com\/wp-content\/uploads\/2025\/10\/Henkilokemia_artikkelikuva-768x768.jpg\" class=\"attachment-medium_large size-medium_large wp-post-image\" alt=\"Henkil\u00f6kemiat\" srcset=\"https:\/\/sarikettunenart.com\/wp-content\/uploads\/2025\/10\/Henkilokemia_artikkelikuva-768x768.jpg 768w, https:\/\/sarikettunenart.com\/wp-content\/uploads\/2025\/10\/Henkilokemia_artikkelikuva-300x300.jpg 300w, https:\/\/sarikettunenart.com\/wp-content\/uploads\/2025\/10\/Henkilokemia_artikkelikuva-1024x1024.jpg 1024w, https:\/\/sarikettunenart.com\/wp-content\/uploads\/2025\/10\/Henkilokemia_artikkelikuva-150x150.jpg 150w, https:\/\/sarikettunenart.com\/wp-content\/uploads\/2025\/10\/Henkilokemia_artikkelikuva-1536x1536.jpg 1536w, https:\/\/sarikettunenart.com\/wp-content\/uploads\/2025\/10\/Henkilokemia_artikkelikuva-1080x1080.jpg 1080w, https:\/\/sarikettunenart.com\/wp-content\/uploads\/2025\/10\/Henkilokemia_artikkelikuva-100x100.jpg 100w, https:\/\/sarikettunenart.com\/wp-content\/uploads\/2025\/10\/Henkilokemia_artikkelikuva.jpg 1845w\" sizes=\"auto, (max-width: 768px) 100vw, 768px\" \/>\t\t\t<\/div>\n\t\t<\/a><!-- .post-thumbnail -->\n\t\t\t\t<div class=\"entry-content-wrap\">\n\t\t\t<header class=\"entry-header\">\n\t<h2 class=\"entry-title\"><a href=\"https:\/\/sarikettunenart.com\/?p=2434\" rel=\"bookmark\">Henkil\u00f6kemiat<\/a><\/h2><\/header><!-- .entry-header -->\n<footer class=\"entry-footer\">\n\t<\/footer><!-- .entry-footer -->\t\t<\/div>\n\t<\/article>\n<\/li>\n<li class=\"kb-post-list-item\">\n\t<article class=\"entry content-bg loop-entry post-2429 post type-post status-publish format-standard has-post-thumbnail hentry category-uncategorized category-uniikki-taide-akustiikka\">\n\t\t\t\t<a aria-hidden=\"true\" tabindex=\"-1\" role=\"presentation\" class=\"post-thumbnail kadence-thumbnail-ratio-1-1\" href=\"https:\/\/sarikettunenart.com\/?p=2429\" aria-label=\"Retkell\u00e4 maailmassa\">\n\t\t\t<div class=\"post-thumbnail-inner\">\n\t\t\t\t<img loading=\"lazy\" decoding=\"async\" width=\"768\" height=\"768\" src=\"https:\/\/sarikettunenart.com\/wp-content\/uploads\/2025\/10\/retkella_maailmassa_artikkelikuva-768x768.jpg\" class=\"attachment-medium_large size-medium_large wp-post-image\" alt=\"Retkell\u00e4 maailmassa\" srcset=\"https:\/\/sarikettunenart.com\/wp-content\/uploads\/2025\/10\/retkella_maailmassa_artikkelikuva-768x768.jpg 768w, https:\/\/sarikettunenart.com\/wp-content\/uploads\/2025\/10\/retkella_maailmassa_artikkelikuva-300x300.jpg 300w, https:\/\/sarikettunenart.com\/wp-content\/uploads\/2025\/10\/retkella_maailmassa_artikkelikuva-1024x1024.jpg 1024w, https:\/\/sarikettunenart.com\/wp-content\/uploads\/2025\/10\/retkella_maailmassa_artikkelikuva-150x150.jpg 150w, https:\/\/sarikettunenart.com\/wp-content\/uploads\/2025\/10\/retkella_maailmassa_artikkelikuva-1080x1080.jpg 1080w, https:\/\/sarikettunenart.com\/wp-content\/uploads\/2025\/10\/retkella_maailmassa_artikkelikuva-100x100.jpg 100w, https:\/\/sarikettunenart.com\/wp-content\/uploads\/2025\/10\/retkella_maailmassa_artikkelikuva.jpg 1500w\" sizes=\"auto, (max-width: 768px) 100vw, 768px\" \/>\t\t\t<\/div>\n\t\t<\/a><!-- .post-thumbnail -->\n\t\t\t\t<div class=\"entry-content-wrap\">\n\t\t\t<header class=\"entry-header\">\n\t<h2 class=\"entry-title\"><a href=\"https:\/\/sarikettunenart.com\/?p=2429\" rel=\"bookmark\">Retkell\u00e4 maailmassa<\/a><\/h2><\/header><!-- .entry-header -->\n<footer class=\"entry-footer\">\n\t<\/footer><!-- .entry-footer -->\t\t<\/div>\n\t<\/article>\n<\/li>\n<li class=\"kb-post-list-item\">\n\t<article class=\"entry content-bg loop-entry post-2424 post type-post status-publish format-standard has-post-thumbnail hentry category-uncategorized category-uniikki-taide-akustiikka\">\n\t\t\t\t<a aria-hidden=\"true\" tabindex=\"-1\" role=\"presentation\" class=\"post-thumbnail kadence-thumbnail-ratio-1-1\" href=\"https:\/\/sarikettunenart.com\/?p=2424\" aria-label=\"J\u00e4ttil\u00e4isten maa\">\n\t\t\t<div class=\"post-thumbnail-inner\">\n\t\t\t\t<img loading=\"lazy\" decoding=\"async\" width=\"768\" height=\"768\" src=\"https:\/\/sarikettunenart.com\/wp-content\/uploads\/2025\/10\/Maa123_artikkelikuva-768x768.jpg\" class=\"attachment-medium_large size-medium_large wp-post-image\" alt=\"J\u00e4ttil\u00e4isten maa\" srcset=\"https:\/\/sarikettunenart.com\/wp-content\/uploads\/2025\/10\/Maa123_artikkelikuva-768x768.jpg 768w, https:\/\/sarikettunenart.com\/wp-content\/uploads\/2025\/10\/Maa123_artikkelikuva-300x300.jpg 300w, https:\/\/sarikettunenart.com\/wp-content\/uploads\/2025\/10\/Maa123_artikkelikuva-1024x1024.jpg 1024w, https:\/\/sarikettunenart.com\/wp-content\/uploads\/2025\/10\/Maa123_artikkelikuva-150x150.jpg 150w, https:\/\/sarikettunenart.com\/wp-content\/uploads\/2025\/10\/Maa123_artikkelikuva-1080x1080.jpg 1080w, https:\/\/sarikettunenart.com\/wp-content\/uploads\/2025\/10\/Maa123_artikkelikuva-100x100.jpg 100w, https:\/\/sarikettunenart.com\/wp-content\/uploads\/2025\/10\/Maa123_artikkelikuva.jpg 1500w\" sizes=\"auto, (max-width: 768px) 100vw, 768px\" \/>\t\t\t<\/div>\n\t\t<\/a><!-- .post-thumbnail -->\n\t\t\t\t<div class=\"entry-content-wrap\">\n\t\t\t<header class=\"entry-header\">\n\t<h2 class=\"entry-title\"><a href=\"https:\/\/sarikettunenart.com\/?p=2424\" rel=\"bookmark\">J\u00e4ttil\u00e4isten maa<\/a><\/h2><\/header><!-- .entry-header -->\n<footer class=\"entry-footer\">\n\t<\/footer><!-- .entry-footer -->\t\t<\/div>\n\t<\/article>\n<\/li>\n<li class=\"kb-post-list-item\">\n\t<article class=\"entry content-bg loop-entry post-2419 post type-post status-publish format-standard has-post-thumbnail hentry category-uncategorized category-uniikki-taide-akustiikka\">\n\t\t\t\t<a aria-hidden=\"true\" tabindex=\"-1\" role=\"presentation\" class=\"post-thumbnail kadence-thumbnail-ratio-1-1\" href=\"https:\/\/sarikettunenart.com\/?p=2419\" aria-label=\"K\u00e4sitt\u00e4j\u00e4 I\">\n\t\t\t<div class=\"post-thumbnail-inner\">\n\t\t\t\t<img loading=\"lazy\" decoding=\"async\" width=\"768\" height=\"768\" src=\"https:\/\/sarikettunenart.com\/wp-content\/uploads\/2025\/10\/Kasittaja_artikkelikuva-768x768.jpg\" class=\"attachment-medium_large size-medium_large wp-post-image\" alt=\"K\u00e4sitt\u00e4j\u00e4 I\" srcset=\"https:\/\/sarikettunenart.com\/wp-content\/uploads\/2025\/10\/Kasittaja_artikkelikuva-768x768.jpg 768w, https:\/\/sarikettunenart.com\/wp-content\/uploads\/2025\/10\/Kasittaja_artikkelikuva-300x300.jpg 300w, https:\/\/sarikettunenart.com\/wp-content\/uploads\/2025\/10\/Kasittaja_artikkelikuva-1024x1024.jpg 1024w, https:\/\/sarikettunenart.com\/wp-content\/uploads\/2025\/10\/Kasittaja_artikkelikuva-150x150.jpg 150w, https:\/\/sarikettunenart.com\/wp-content\/uploads\/2025\/10\/Kasittaja_artikkelikuva-1080x1080.jpg 1080w, https:\/\/sarikettunenart.com\/wp-content\/uploads\/2025\/10\/Kasittaja_artikkelikuva-100x100.jpg 100w, https:\/\/sarikettunenart.com\/wp-content\/uploads\/2025\/10\/Kasittaja_artikkelikuva.jpg 1500w\" sizes=\"auto, (max-width: 768px) 100vw, 768px\" \/>\t\t\t<\/div>\n\t\t<\/a><!-- .post-thumbnail -->\n\t\t\t\t<div class=\"entry-content-wrap\">\n\t\t\t<header class=\"entry-header\">\n\t<h2 class=\"entry-title\"><a href=\"https:\/\/sarikettunenart.com\/?p=2419\" rel=\"bookmark\">K\u00e4sitt\u00e4j\u00e4 I<\/a><\/h2><\/header><!-- .entry-header -->\n<footer class=\"entry-footer\">\n\t<\/footer><!-- .entry-footer -->\t\t<\/div>\n\t<\/article>\n<\/li>\n<li class=\"kb-post-list-item\">\n\t<article class=\"entry content-bg loop-entry post-2410 post type-post status-publish format-standard has-post-thumbnail hentry category-uncategorized category-uniikki-taide-akustiikka\">\n\t\t\t\t<a aria-hidden=\"true\" tabindex=\"-1\" role=\"presentation\" class=\"post-thumbnail kadence-thumbnail-ratio-1-1\" href=\"https:\/\/sarikettunenart.com\/?p=2410\" aria-label=\"Gaian luomat\">\n\t\t\t<div class=\"post-thumbnail-inner\">\n\t\t\t\t<img loading=\"lazy\" decoding=\"async\" width=\"768\" height=\"768\" src=\"https:\/\/sarikettunenart.com\/wp-content\/uploads\/2025\/10\/Gaia_artikkelikuva-768x768.jpg\" class=\"attachment-medium_large size-medium_large wp-post-image\" alt=\"Gaian luomat\" srcset=\"https:\/\/sarikettunenart.com\/wp-content\/uploads\/2025\/10\/Gaia_artikkelikuva-768x768.jpg 768w, https:\/\/sarikettunenart.com\/wp-content\/uploads\/2025\/10\/Gaia_artikkelikuva-300x300.jpg 300w, https:\/\/sarikettunenart.com\/wp-content\/uploads\/2025\/10\/Gaia_artikkelikuva-150x150.jpg 150w, https:\/\/sarikettunenart.com\/wp-content\/uploads\/2025\/10\/Gaia_artikkelikuva-100x100.jpg 100w, https:\/\/sarikettunenart.com\/wp-content\/uploads\/2025\/10\/Gaia_artikkelikuva.jpg 954w\" sizes=\"auto, (max-width: 768px) 100vw, 768px\" \/>\t\t\t<\/div>\n\t\t<\/a><!-- .post-thumbnail -->\n\t\t\t\t<div class=\"entry-content-wrap\">\n\t\t\t<header class=\"entry-header\">\n\t<h2 class=\"entry-title\"><a href=\"https:\/\/sarikettunenart.com\/?p=2410\" rel=\"bookmark\">Gaian luomat<\/a><\/h2><\/header><!-- .entry-header -->\n<footer class=\"entry-footer\">\n\t<\/footer><!-- .entry-footer -->\t\t<\/div>\n\t<\/article>\n<\/li>\n<li class=\"kb-post-list-item\">\n\t<article class=\"entry content-bg loop-entry post-2399 post type-post status-publish format-standard has-post-thumbnail hentry category-uncategorized category-uniikki-taide-akustiikka\">\n\t\t\t\t<a aria-hidden=\"true\" tabindex=\"-1\" role=\"presentation\" class=\"post-thumbnail kadence-thumbnail-ratio-1-1\" href=\"https:\/\/sarikettunenart.com\/?p=2399\" aria-label=\"Ilta Kallioj\u00e4rven rannalla\">\n\t\t\t<div class=\"post-thumbnail-inner\">\n\t\t\t\t<img loading=\"lazy\" decoding=\"async\" width=\"768\" height=\"768\" src=\"https:\/\/sarikettunenart.com\/wp-content\/uploads\/2025\/10\/Kalliojarvisarja_artikkelikuva-768x768.jpg\" class=\"attachment-medium_large size-medium_large wp-post-image\" alt=\"Ilta Kallioj\u00e4rven rannalla\" srcset=\"https:\/\/sarikettunenart.com\/wp-content\/uploads\/2025\/10\/Kalliojarvisarja_artikkelikuva-768x768.jpg 768w, https:\/\/sarikettunenart.com\/wp-content\/uploads\/2025\/10\/Kalliojarvisarja_artikkelikuva-300x300.jpg 300w, https:\/\/sarikettunenart.com\/wp-content\/uploads\/2025\/10\/Kalliojarvisarja_artikkelikuva-150x150.jpg 150w, https:\/\/sarikettunenart.com\/wp-content\/uploads\/2025\/10\/Kalliojarvisarja_artikkelikuva-100x100.jpg 100w, https:\/\/sarikettunenart.com\/wp-content\/uploads\/2025\/10\/Kalliojarvisarja_artikkelikuva.jpg 968w\" sizes=\"auto, (max-width: 768px) 100vw, 768px\" \/>\t\t\t<\/div>\n\t\t<\/a><!-- .post-thumbnail -->\n\t\t\t\t<div class=\"entry-content-wrap\">\n\t\t\t<header class=\"entry-header\">\n\t<h2 class=\"entry-title\"><a href=\"https:\/\/sarikettunenart.com\/?p=2399\" rel=\"bookmark\">Ilta Kallioj\u00e4rven rannalla<\/a><\/h2><\/header><!-- .entry-header -->\n<footer class=\"entry-footer\">\n\t<\/footer><!-- .entry-footer -->\t\t<\/div>\n\t<\/article>\n<\/li>\n<\/ul>\n\n\n<p><\/p>\n","protected":false},"excerpt":{"rendered":"<p>Tervetuloa Taide + Akustiikka -sarjan \u00e4\u00e4relle \u2013 teoksiin, joissa v\u00e4rit, pinta ja hiljaisuus rakentavat oman tilansa. Voit selata teoksia rauhassa ja palata niihin uudelleen. Teokset ovat saatavilla Taiko.art-verkkokaupassa sek\u00e4 Lahden taidelainaamossa. Mik\u00e4li jokin teos puhuttelee tai suunnittelet tilausty\u00f6t\u00e4, kuulen siit\u00e4 mielell\u00e4ni.<\/p>\n","protected":false},"author":1,"featured_media":0,"parent":0,"menu_order":0,"comment_status":"closed","ping_status":"closed","template":"","meta":{"_kadence_starter_templates_imported_post":false,"_kad_post_transparent":"","_kad_post_title":"","_kad_post_layout":"","_kad_post_sidebar_id":"","_kad_post_content_style":"","_kad_post_vertical_padding":"","_kad_post_feature":"","_kad_post_feature_position":"","_kad_post_header":false,"_kad_post_footer":false,"_kad_post_classname":"","footnotes":""},"class_list":["post-2890","page","type-page","status-publish","hentry"],"_links":{"self":[{"href":"https:\/\/sarikettunenart.com\/index.php?rest_route=\/wp\/v2\/pages\/2890","targetHints":{"allow":["GET"]}}],"collection":[{"href":"https:\/\/sarikettunenart.com\/index.php?rest_route=\/wp\/v2\/pages"}],"about":[{"href":"https:\/\/sarikettunenart.com\/index.php?rest_route=\/wp\/v2\/types\/page"}],"author":[{"embeddable":true,"href":"https:\/\/sarikettunenart.com\/index.php?rest_route=\/wp\/v2\/users\/1"}],"replies":[{"embeddable":true,"href":"https:\/\/sarikettunenart.com\/index.php?rest_route=%2Fwp%2Fv2%2Fcomments&post=2890"}],"version-history":[{"count":5,"href":"https:\/\/sarikettunenart.com\/index.php?rest_route=\/wp\/v2\/pages\/2890\/revisions"}],"predecessor-version":[{"id":2900,"href":"https:\/\/sarikettunenart.com\/index.php?rest_route=\/wp\/v2\/pages\/2890\/revisions\/2900"}],"wp:attachment":[{"href":"https:\/\/sarikettunenart.com\/index.php?rest_route=%2Fwp%2Fv2%2Fmedia&parent=2890"}],"curies":[{"name":"wp","href":"https:\/\/api.w.org\/{rel}","templated":true}]}}