{"id":2601,"date":"2025-11-11T18:23:29","date_gmt":"2025-11-11T18:23:29","guid":{"rendered":"https:\/\/sarikettunenart.com\/?page_id=2601"},"modified":"2025-11-23T08:14:42","modified_gmt":"2025-11-23T08:14:42","slug":"etusivu2","status":"publish","type":"page","link":"https:\/\/sarikettunenart.com\/","title":{"rendered":"Etusivu2"},"content":{"rendered":"\n<div class=\"wp-block-columns is-layout-flex wp-container-core-columns-is-layout-9d6595d7 wp-block-columns-is-layout-flex\">\n<div class=\"wp-block-column is-layout-flow wp-block-column-is-layout-flow\" style=\"flex-basis:80%\">\n<div class=\"wp-block-media-text is-stacked-on-mobile\"><figure class=\"wp-block-media-text__media\"><a href=\"https:\/\/sarikettunenart.com\/?cat=1\"><img loading=\"lazy\" decoding=\"async\" width=\"1024\" height=\"1024\" src=\"https:\/\/sarikettunenart.com\/wp-content\/uploads\/2023\/12\/kasittaja_interior1-1024x1024.jpg\" alt=\"Kuvassa on taideteos ripustettuna oleskelutilan sein\u00e4lle.\" class=\"wp-image-1992 size-full\" srcset=\"https:\/\/sarikettunenart.com\/wp-content\/uploads\/2023\/12\/kasittaja_interior1-1024x1024.jpg 1024w, https:\/\/sarikettunenart.com\/wp-content\/uploads\/2023\/12\/kasittaja_interior1-300x300.jpg 300w, https:\/\/sarikettunenart.com\/wp-content\/uploads\/2023\/12\/kasittaja_interior1-150x150.jpg 150w, https:\/\/sarikettunenart.com\/wp-content\/uploads\/2023\/12\/kasittaja_interior1-768x768.jpg 768w, https:\/\/sarikettunenart.com\/wp-content\/uploads\/2023\/12\/kasittaja_interior1-1536x1536.jpg 1536w, https:\/\/sarikettunenart.com\/wp-content\/uploads\/2023\/12\/kasittaja_interior1-1080x1080.jpg 1080w, https:\/\/sarikettunenart.com\/wp-content\/uploads\/2023\/12\/kasittaja_interior1-100x100.jpg 100w, https:\/\/sarikettunenart.com\/wp-content\/uploads\/2023\/12\/kasittaja_interior1.jpg 1853w\" sizes=\"auto, (max-width: 1024px) 100vw, 1024px\" \/><\/a><\/figure><div class=\"wp-block-media-text__content\">\n<h2 class=\"wp-block-heading has-text-align-left\">Lanka langalta \u2013 taidetta tarinoista ja luonnosta<\/h2>\n\n\n\n<p class=\"has-text-align-left\">Teokseni syntyv\u00e4t tarinoiden, kansantaiteen ja luonnon inspiroimina.&nbsp;Luonteenomaista ty\u00f6skentelylleni onkin er\u00e4\u00e4nlainen mielenmaisemien ja luonnonmaisemien yhdistely.<\/p>\n\n\n\n<p class=\"has-text-align-left\">Valmistan teokseni k\u00e4sin kangaspuilla kutoen, hy\u00f6dynt\u00e4en monipuolisesti vapaasti kuvioitua moniv\u00e4rikuvikasta ja kirjontaa. Luon taidetta lanka langalta, l\u00e4hes meditatiivisessa prosessissa.<\/p>\n\n\n\n<p class=\"has-text-align-left\"><a href=\"https:\/\/sarikettunenart.com\/?cat=1\">Tutustu taideteoksiin&#8230;<\/a><\/p>\n<\/div><\/div>\n<\/div>\n\n\n\n<div class=\"wp-block-column is-layout-flow wp-block-column-is-layout-flow\" style=\"flex-basis:20%\"><\/div>\n<\/div>\n\n\n\n<div class=\"wp-block-columns is-layout-flex wp-container-core-columns-is-layout-9d6595d7 wp-block-columns-is-layout-flex\">\n<div class=\"wp-block-column is-layout-flow wp-block-column-is-layout-flow\" style=\"flex-basis:20%\"><\/div>\n\n\n\n<div class=\"wp-block-column is-layout-flow wp-block-column-is-layout-flow\" style=\"flex-basis:80%\">\n<div class=\"wp-block-media-text has-media-on-the-right is-stacked-on-mobile\"><div class=\"wp-block-media-text__content\">\n<p class=\"has-text-align-right\">Olen lahtelainen tekstiilitaiteilija, muotoilija ja kudonnan opettaja.<\/p>\n\n\n\n<p class=\"has-text-align-right\">Kankaan kutominen on ollut osa el\u00e4m\u00e4\u00e4ni niin kauan kuin muistan. Aloitin kutomisen lapsena iso\u00e4itini kanssa. Kudonnasta kasvoi minulle sek\u00e4 ilmaisun v\u00e4line ett\u00e4 el\u00e4m\u00e4nmittainen intohimo.<\/p>\n\n\n\n<p class=\"has-text-align-right\"><a href=\"https:\/\/sarikettunenart.com\/?page_id=356\">Lue lis\u00e4\u00e4&#8230;<\/a><\/p>\n<\/div><figure class=\"wp-block-media-text__media\"><a href=\"https:\/\/sarikettunenart.com\/?page_id=356\"><img loading=\"lazy\" decoding=\"async\" width=\"1024\" height=\"971\" src=\"https:\/\/sarikettunenart.com\/wp-content\/uploads\/2025\/11\/kutoja_small2-1024x971.jpg\" alt=\"\" class=\"wp-image-2606 size-full\" srcset=\"https:\/\/sarikettunenart.com\/wp-content\/uploads\/2025\/11\/kutoja_small2-1024x971.jpg 1024w, https:\/\/sarikettunenart.com\/wp-content\/uploads\/2025\/11\/kutoja_small2-300x284.jpg 300w, https:\/\/sarikettunenart.com\/wp-content\/uploads\/2025\/11\/kutoja_small2-768x728.jpg 768w, https:\/\/sarikettunenart.com\/wp-content\/uploads\/2025\/11\/kutoja_small2.jpg 1080w\" sizes=\"auto, (max-width: 1024px) 100vw, 1024px\" \/><\/a><\/figure><\/div>\n<\/div>\n<\/div>\n\n\n\n<div class=\"wp-block-columns is-layout-flex wp-container-core-columns-is-layout-9d6595d7 wp-block-columns-is-layout-flex\">\n<div class=\"wp-block-column is-layout-flow wp-block-column-is-layout-flow\" style=\"flex-basis:80%\">\n<div class=\"wp-block-media-text is-stacked-on-mobile\"><figure class=\"wp-block-media-text__media\"><a href=\"https:\/\/uusi.opistopalvelut.fi\/wellamo-opisto\/fi\/?q=kettunen&amp;page=1\"><img loading=\"lazy\" decoding=\"async\" width=\"729\" height=\"1024\" src=\"https:\/\/sarikettunenart.com\/wp-content\/uploads\/2025\/11\/kaarinpirtaan-1-729x1024.jpg\" alt=\"\" class=\"wp-image-2622 size-full\" srcset=\"https:\/\/sarikettunenart.com\/wp-content\/uploads\/2025\/11\/kaarinpirtaan-1-729x1024.jpg 729w, https:\/\/sarikettunenart.com\/wp-content\/uploads\/2025\/11\/kaarinpirtaan-1-214x300.jpg 214w, https:\/\/sarikettunenart.com\/wp-content\/uploads\/2025\/11\/kaarinpirtaan-1-768x1078.jpg 768w, https:\/\/sarikettunenart.com\/wp-content\/uploads\/2025\/11\/kaarinpirtaan-1.jpg 1080w\" sizes=\"auto, (max-width: 729px) 100vw, 729px\" \/><\/a><\/figure><div class=\"wp-block-media-text__content\">\n<h2 class=\"wp-block-heading\">Kankaankudonnan kurssit<\/h2>\n\n\n\n<p>Olen opettanut kankaan kutomista vuodesta 2021. Tavoitteenani on v\u00e4litt\u00e4\u00e4 oppilailleni paitsi teknisi\u00e4 taitoja my\u00f6s k\u00e4sity\u00f6n iloa, luovuuden kokemuksia ja tekemisen rauhaa. Haluan luoda my\u00f6nteisen, kannustavan ja inspiroivan oppimisymp\u00e4rist\u00f6n, jossa jokaisella on tilaa kehitty\u00e4 omassa tahdissaan turvallisessa ja asiantuntevassa ohjauksessa.<\/p>\n\n\n\n<p>Opettaminen on minulle innostavaa ja palkitsevaa, sill\u00e4 saan jakaa osaamistani ja samalla oppia itsekin jatkuvasti uutta.<\/p>\n\n\n\n<p><a href=\"https:\/\/sarikettunenart.com\/?page_id=2639\">Tutustu kurssitarjontaan&#8230;<\/a><\/p>\n<\/div><\/div>\n\n\n\n<p><\/p>\n<\/div>\n\n\n\n<div class=\"wp-block-column is-layout-flow wp-block-column-is-layout-flow\" style=\"flex-basis:20%\"><\/div>\n<\/div>\n","protected":false},"excerpt":{"rendered":"<p>Lanka langalta \u2013 taidetta tarinoista ja luonnosta Teokseni syntyv\u00e4t tarinoiden, kansantaiteen ja luonnon inspiroimina.&nbsp;Luonteenomaista ty\u00f6skentelylleni onkin er\u00e4\u00e4nlainen mielenmaisemien ja luonnonmaisemien yhdistely. Valmistan teokseni k\u00e4sin kangaspuilla kutoen, hy\u00f6dynt\u00e4en monipuolisesti vapaasti kuvioitua moniv\u00e4rikuvikasta ja kirjontaa. Luon taidetta lanka langalta, l\u00e4hes meditatiivisessa prosessissa. Tutustu taideteoksiin&#8230; Olen lahtelainen tekstiilitaiteilija, muotoilija ja kudonnan opettaja. Kankaan kutominen on ollut osa el\u00e4m\u00e4\u00e4ni&#8230;<\/p>\n","protected":false},"author":1,"featured_media":0,"parent":0,"menu_order":0,"comment_status":"closed","ping_status":"closed","template":"","meta":{"_kadence_starter_templates_imported_post":false,"_kad_post_transparent":"","_kad_post_title":"","_kad_post_layout":"","_kad_post_sidebar_id":"","_kad_post_content_style":"","_kad_post_vertical_padding":"","_kad_post_feature":"","_kad_post_feature_position":"","_kad_post_header":false,"_kad_post_footer":false,"_kad_post_classname":"","footnotes":""},"class_list":["post-2601","page","type-page","status-publish","hentry"],"_links":{"self":[{"href":"https:\/\/sarikettunenart.com\/index.php?rest_route=\/wp\/v2\/pages\/2601","targetHints":{"allow":["GET"]}}],"collection":[{"href":"https:\/\/sarikettunenart.com\/index.php?rest_route=\/wp\/v2\/pages"}],"about":[{"href":"https:\/\/sarikettunenart.com\/index.php?rest_route=\/wp\/v2\/types\/page"}],"author":[{"embeddable":true,"href":"https:\/\/sarikettunenart.com\/index.php?rest_route=\/wp\/v2\/users\/1"}],"replies":[{"embeddable":true,"href":"https:\/\/sarikettunenart.com\/index.php?rest_route=%2Fwp%2Fv2%2Fcomments&post=2601"}],"version-history":[{"count":24,"href":"https:\/\/sarikettunenart.com\/index.php?rest_route=\/wp\/v2\/pages\/2601\/revisions"}],"predecessor-version":[{"id":2756,"href":"https:\/\/sarikettunenart.com\/index.php?rest_route=\/wp\/v2\/pages\/2601\/revisions\/2756"}],"wp:attachment":[{"href":"https:\/\/sarikettunenart.com\/index.php?rest_route=%2Fwp%2Fv2%2Fmedia&parent=2601"}],"curies":[{"name":"wp","href":"https:\/\/api.w.org\/{rel}","templated":true}]}}